{"id":2,"date":"2025-05-26T02:47:19","date_gmt":"2025-05-26T02:47:19","guid":{"rendered":"https:\/\/cbdynamics.nl\/?page_id=2"},"modified":"2025-08-29T16:58:09","modified_gmt":"2025-08-29T16:58:09","slug":"ritual-genetics","status":"publish","type":"page","link":"https:\/\/ritualgenetics.com\/es\/","title":{"rendered":"Ritual Genetics - Inicio"},"content":{"rendered":"<section class=\"wp-block-cover show-for-small full-mobile-hero\" style=\"min-height:571px;aspect-ratio:unset;\"><img decoding=\"async\" width=\"1024\" height=\"1536\" class=\"wp-block-cover__image-background wp-image-203 size-full lazyload\" alt=\"\" data-src=\"https:\/\/cbdynamics.nl\/wp-content\/uploads\/2025\/05\/8c3331c0-77c5-4dd6-9775-cca989543443.png\" data-object-fit=\"cover\" data-srcset=\"https:\/\/ritualgenetics.com\/wp-content\/uploads\/2025\/05\/8c3331c0-77c5-4dd6-9775-cca989543443.png 1024w, https:\/\/ritualgenetics.com\/wp-content\/uploads\/2025\/05\/8c3331c0-77c5-4dd6-9775-cca989543443-510x765.png 510w, https:\/\/ritualgenetics.com\/wp-content\/uploads\/2025\/05\/8c3331c0-77c5-4dd6-9775-cca989543443-200x300.png 200w, https:\/\/ritualgenetics.com\/wp-content\/uploads\/2025\/05\/8c3331c0-77c5-4dd6-9775-cca989543443-683x1024.png 683w, https:\/\/ritualgenetics.com\/wp-content\/uploads\/2025\/05\/8c3331c0-77c5-4dd6-9775-cca989543443-768x1152.png 768w\" data-sizes=\"(max-width: 1024px) 100vw, 1024px\" src=\"data:image\/svg+xml;base64,PHN2ZyB3aWR0aD0iMSIgaGVpZ2h0PSIxIiB4bWxucz0iaHR0cDovL3d3dy53My5vcmcvMjAwMC9zdmciPjwvc3ZnPg==\" style=\"--smush-placeholder-width: 1024px; --smush-placeholder-aspect-ratio: 1024\/1536;\" \/><span aria-hidden=\"true\" class=\"wp-block-cover__background has-background-dim-0 has-background-dim\" style=\"background-color:#3e1f2e\"><\/span><div class=\"wp-block-cover__inner-container is-layout-constrained wp-block-cover-is-layout-constrained\">\n<div style=\"height:410px\" aria-hidden=\"true\" class=\"wp-block-spacer\"><\/div>\n\n\n\n<p class=\"has-text-align-center has-luminous-vivid-amber-color has-text-color has-link-color has-large-font-size wp-elements-7364e3ddd09f7d777c94906b4ffde521\">\u00a1Disfruta de 10% de descuento en 3 paquetes o m\u00e1s!<\/p>\n<\/div><\/section>\n\n\n\n<div class=\"wp-block-cover hide-for-small\" style=\"min-height:400px;aspect-ratio:unset;\"><img decoding=\"async\" width=\"1024\" height=\"1024\" class=\"wp-block-cover__image-background wp-image-74 size-full lazyload\" alt=\"\" data-src=\"https:\/\/ritualgenetics.com\/wp-content\/uploads\/2025\/05\/ritual-genetics-bg-rehost.png\" style=\"--smush-placeholder-width: 1024px; --smush-placeholder-aspect-ratio: 1024\/1024;object-position:50% 49%\" data-object-fit=\"cover\" data-object-position=\"50% 49%\" data-srcset=\"https:\/\/ritualgenetics.com\/wp-content\/uploads\/2025\/05\/ritual-genetics-bg-rehost.png 1024w, https:\/\/ritualgenetics.com\/wp-content\/uploads\/2025\/05\/ritual-genetics-bg-rehost-100x100.png 100w, https:\/\/ritualgenetics.com\/wp-content\/uploads\/2025\/05\/ritual-genetics-bg-rehost-510x510.png 510w, https:\/\/ritualgenetics.com\/wp-content\/uploads\/2025\/05\/ritual-genetics-bg-rehost-300x300.png 300w, https:\/\/ritualgenetics.com\/wp-content\/uploads\/2025\/05\/ritual-genetics-bg-rehost-150x150.png 150w, https:\/\/ritualgenetics.com\/wp-content\/uploads\/2025\/05\/ritual-genetics-bg-rehost-768x768.png 768w\" data-sizes=\"(max-width: 1024px) 100vw, 1024px\" src=\"data:image\/svg+xml;base64,PHN2ZyB3aWR0aD0iMSIgaGVpZ2h0PSIxIiB4bWxucz0iaHR0cDovL3d3dy53My5vcmcvMjAwMC9zdmciPjwvc3ZnPg==\" \/><span aria-hidden=\"true\" class=\"wp-block-cover__background has-background-dim-0 has-background-dim\" style=\"background-color:#412235\"><\/span><div class=\"wp-block-cover__inner-container is-layout-constrained wp-block-cover-is-layout-constrained\">\n<div style=\"height:100px\" aria-hidden=\"true\" class=\"wp-block-spacer\"><\/div>\n\n\n\n<p class=\"has-text-align-center has-luminous-vivid-amber-color has-text-color has-link-color has-large-font-size wp-elements-b8690e3784b395a15069b03babdf49d2\"><br><br><br><br><br><br><br><br>\u00a1Disfruta de 10% de descuento en 3 paquetes o m\u00e1s!<\/p>\n<\/div><\/div>\n\n\n\n<p><br>Bienvenido a Ritual Genetics, su socio en el cultivo tropical. Somos una empresa de semillas sensata, centrada en proporcionarle gen\u00e9ticas asequibles para el cultivo en climas tropicales dif\u00edciles. Nuestra oferta se divide en cuatro categor\u00edas.<\/p>\n\n\n\n<h2 class=\"wp-block-heading\"><\/h2>\n\n\n\n<ul class=\"wp-block-list\">\n<li>Cl\u00e1sicos r\u00e1pidos: <strong>Acabado temprano, leyendas probadas<\/strong><br>Una selecci\u00f3n curada de cepas probadas conocidas por su <strong>velocidad<\/strong>, <strong>resiliencia<\/strong>y <strong>fiabilidad<\/strong>. Estos son los caballos de batalla del mundo del cannabis - gen\u00e9tica de confianza con tiempos de floraci\u00f3n cortos, fuerte resistencia al moho, y un rendimiento constante en climas tropicales y subtropicales. Ideal para cultivos al aire libre o para cualquiera que busque una respuesta r\u00e1pida sin sacrificar la calidad.<\/li>\n\n\n\n<li>Leyendas del futuro: <strong>Recortes a bombo y platillo modernos con gran energ\u00eda de mercado<\/strong> <br>Esta colecci\u00f3n presenta <strong>cepas m\u00e1s calientes<\/strong> - ganadoras de premios, colaboraciones de cultivadores y variedades de dise\u00f1o que causan furor en la escena cann\u00e1bica mundial. Estas gen\u00e9ticas se seleccionan por su <strong>atractivo de la bolsa<\/strong>, <strong>potencia<\/strong>y <strong>perfiles terp\u00e9nicos \u00fanicos<\/strong>y muchas est\u00e1n bien adaptadas a entornos tropicales o de invernadero controlados. Perfectas para cultivadores que quieran destacar y estar a la \u00faltima.<\/li>\n\n\n\n<li>El Altar del Hach\u00eds: <strong>Cepas seleccionadas por su resina, sabor y rendimiento de hach\u00eds<\/strong><br>Dedicado a los amantes de <strong>extracci\u00f3n y sabor<\/strong>Esta categor\u00eda presenta variedades que destacan en <strong>densidad de tricomas<\/strong>, <strong>producci\u00f3n de resina<\/strong>y <strong>complejidad terp\u00e9nica<\/strong>. Tanto si est\u00e1s prensando colofonia, haciendo hach\u00eds tradicional o elaborando concentrados de espectro completo, estas cepas cumplen. La mayor\u00eda son <strong>\u00edndica dominante<\/strong> y prosperan tanto en interiores controlados como en exteriores secos.<\/li>\n\n\n\n<li>Semillas de Siam:<strong> Razas del coraz\u00f3n del Reino<\/strong><br>Esta colecci\u00f3n conserva la rara e hist\u00f3rica gen\u00e9tica de Tailandia: sativas ind\u00f3mitas y cultivares tropicales transmitidos de generaci\u00f3n en generaci\u00f3n por los agricultores locales. <strong>Semillas de Siam<\/strong> ofrece acceso directo al patrimonio cann\u00e1bico del pa\u00eds: variedades de larga floraci\u00f3n, ricas en terpenos y adaptadas a los ciclos monz\u00f3nicos, los suelos pobres y la luz ecuatorial. Se trata de variedades aut\u00f3ctonas puras y espec\u00edficas de una regi\u00f3n, ideales para trabajos de conservaci\u00f3n, proyectos de cr\u00eda o cultivadores aventureros que buscan una conexi\u00f3n m\u00e1s profunda con las ra\u00edces de la planta. Se trata de plantas imponentes, de gran altura y con expresiones que hablan el lenguaje de la selva.<\/li>\n<\/ul>\n\n\n\n<p><strong>Todas las variedades son feminizadas (fotoper\u00edodo, no autom\u00e1tico) a menos que se especifique lo contrario. Las semillas se venden \u00fanicamente como art\u00edculos de colecci\u00f3n. V\u00e9ase <a href=\"http:\/\/cbdynamics.nl\/disclaimer\"><em><span style=\"text-decoration: underline;\">Descargo de responsabilidad<\/span><\/em><\/a> para m\u00e1s detalles.<\/strong><\/p>\n\n\n\n<p><\/p>","protected":false},"excerpt":{"rendered":"<p>Bienvenido a Ritual Genetics, su socio en el cultivo tropical. Somos una empresa de semillas sensata, centrada en proporcionarle gen\u00e9ticas asequibles para el cultivo en climas tropicales dif\u00edciles. Nuestra oferta se divide en cuatro categor\u00edas. Todas las variedades son feminizadas (fotoperiodo, no autom\u00e1tico) a menos que se especifique lo contrario. Las semillas se venden s\u00f3lo como coleccionables. Consulte el descargo de responsabilidad para obtener m\u00e1s informaci\u00f3n.<\/p>","protected":false},"author":1,"featured_media":0,"parent":0,"menu_order":0,"comment_status":"closed","ping_status":"closed","template":"","meta":{"footnotes":""},"class_list":["post-2","page","type-page","status-publish","hentry"],"jetpack_sharing_enabled":true,"_links":{"self":[{"href":"https:\/\/ritualgenetics.com\/es\/wp-json\/wp\/v2\/pages\/2","targetHints":{"allow":["GET"]}}],"collection":[{"href":"https:\/\/ritualgenetics.com\/es\/wp-json\/wp\/v2\/pages"}],"about":[{"href":"https:\/\/ritualgenetics.com\/es\/wp-json\/wp\/v2\/types\/page"}],"author":[{"embeddable":true,"href":"https:\/\/ritualgenetics.com\/es\/wp-json\/wp\/v2\/users\/1"}],"replies":[{"embeddable":true,"href":"https:\/\/ritualgenetics.com\/es\/wp-json\/wp\/v2\/comments?post=2"}],"version-history":[{"count":47,"href":"https:\/\/ritualgenetics.com\/es\/wp-json\/wp\/v2\/pages\/2\/revisions"}],"predecessor-version":[{"id":768,"href":"https:\/\/ritualgenetics.com\/es\/wp-json\/wp\/v2\/pages\/2\/revisions\/768"}],"wp:attachment":[{"href":"https:\/\/ritualgenetics.com\/es\/wp-json\/wp\/v2\/media?parent=2"}],"curies":[{"name":"wp","href":"https:\/\/api.w.org\/{rel}","templated":true}]}}