{"id":3,"date":"2025-05-26T02:47:19","date_gmt":"2025-05-26T02:47:19","guid":{"rendered":"https:\/\/cbdynamics.nl\/?page_id=3"},"modified":"2025-07-02T16:57:19","modified_gmt":"2025-07-02T16:57:19","slug":"privacy-policy","status":"publish","type":"page","link":"https:\/\/ritualgenetics.com\/es\/privacy-policy\/","title":{"rendered":"Pol\u00edtica de privacidad"},"content":{"rendered":"<h2 class=\"wp-block-heading\"><strong>Fecha de entrada en vigor:<\/strong> 02\/07\/2025<br><strong>\u00daltima actualizaci\u00f3n:<\/strong> 02\/07\/2025<\/h2>\n\n\n\n<p>Ritual Genetics (\"nosotros\", \"nos\" o \"nuestro\") se compromete a proteger su privacidad. Esta pol\u00edtica de privacidad describe c\u00f3mo recopilamos, utilizamos y protegemos su informaci\u00f3n cuando visita nuestro sitio web o se comunica con nosotros a trav\u00e9s de plataformas cifradas como WhatsApp o Telegram.<\/p>\n\n\n\n<hr class=\"wp-block-separator has-alpha-channel-opacity\"\/>\n\n\n\n<h3 class=\"wp-block-heading\">1. <strong>Informaci\u00f3n que recopilamos<\/strong><\/h3>\n\n\n\n<p>Podemos recopilar los siguientes tipos de informaci\u00f3n personal:<\/p>\n\n\n\n<ul class=\"wp-block-list\">\n<li>Nombre o alias (si se facilita)<\/li>\n\n\n\n<li>Direcci\u00f3n de env\u00edo (para tramitar el pedido)<\/li>\n\n\n\n<li>Direcci\u00f3n de correo electr\u00f3nico y\/o n\u00famero de tel\u00e9fono<\/li>\n\n\n\n<li>Datos de pago (no almacenados por nosotros)<\/li>\n\n\n\n<li>Direcci\u00f3n IP y datos del navegador (si utiliza el sitio web)<\/li>\n<\/ul>\n\n\n\n<hr class=\"wp-block-separator has-alpha-channel-opacity\"\/>\n\n\n\n<h3 class=\"wp-block-heading\">2. <strong>C\u00f3mo utilizamos su informaci\u00f3n<\/strong><\/h3>\n\n\n\n<p>Utilizamos su informaci\u00f3n para:<\/p>\n\n\n\n<ul class=\"wp-block-list\">\n<li>Tramitar y satisfacer pedidos<\/li>\n\n\n\n<li>Responder a las consultas de los clientes<\/li>\n\n\n\n<li>Mejorar nuestro servicio y comunicaci\u00f3n<\/li>\n\n\n\n<li>Garantizar el cumplimiento de las obligaciones legales<\/li>\n<\/ul>\n\n\n\n<hr class=\"wp-block-separator has-alpha-channel-opacity\"\/>\n\n\n\n<h3 class=\"wp-block-heading\">3. <strong>Intercambio de datos<\/strong><\/h3>\n\n\n\n<p>Lo hacemos <strong>no vender, alquilar ni comerciar<\/strong> su informaci\u00f3n personal. Podemos compartir informaci\u00f3n con:<\/p>\n\n\n\n<ul class=\"wp-block-list\">\n<li>Transportistas (para la entrega)<\/li>\n\n\n\n<li>Procesadores de pagos (bancos, criptocarteras)<\/li>\n\n\n\n<li>Autoridades judiciales (s\u00f3lo en caso de obligaci\u00f3n legal)<\/li>\n<\/ul>\n\n\n\n<hr class=\"wp-block-separator has-alpha-channel-opacity\"\/>\n\n\n\n<h3 class=\"wp-block-heading\">4. <strong>Seguridad de los datos<\/strong><\/h3>\n\n\n\n<p>Utilizamos plataformas seguras (Telegram, WhatsApp, correo electr\u00f3nico seguro) para comunicarnos. Nuestro sitio web utiliza cifrado SSL. Los datos sensibles se almacenan solo el tiempo necesario para completar su pedido.<\/p>\n\n\n\n<hr class=\"wp-block-separator has-alpha-channel-opacity\"\/>\n\n\n\n<h3 class=\"wp-block-heading\">5. <strong>Cookies y an\u00e1lisis<\/strong><\/h3>\n\n\n\n<p>Si nuestro sitio web utiliza cookies, s\u00f3lo se utilizan para:<\/p>\n\n\n\n<ul class=\"wp-block-list\">\n<li>Mejorar la funcionalidad del sitio<\/li>\n\n\n\n<li>Seguimiento del uso general (an\u00e1lisis an\u00f3nimo)<\/li>\n<\/ul>\n\n\n\n<p>Puede controlar las cookies a trav\u00e9s de la configuraci\u00f3n de su navegador.<\/p>\n\n\n\n<hr class=\"wp-block-separator has-alpha-channel-opacity\"\/>\n\n\n\n<h3 class=\"wp-block-heading\">6. <strong>Sus derechos (GDPR de la UE y otros)<\/strong><\/h3>\n\n\n\n<p>Tienes derecho a:<\/p>\n\n\n\n<ul class=\"wp-block-list\">\n<li>Solicitar acceso a sus datos personales<\/li>\n\n\n\n<li>Solicitar la rectificaci\u00f3n o supresi\u00f3n de sus datos<\/li>\n\n\n\n<li>Retirar el consentimiento en cualquier momento<\/li>\n<\/ul>\n\n\n\n<p>Para hacer una solicitud, p\u00f3ngase en contacto con nosotros en <strong><a>ritualorganics.co@gmail.com<\/a><\/strong><\/p>\n\n\n\n<hr class=\"wp-block-separator has-alpha-channel-opacity\"\/>\n\n\n\n<h3 class=\"wp-block-heading\">7. <strong>Conservaci\u00f3n de datos<\/strong><\/h3>\n\n\n\n<p>Conservamos los registros de pedidos y comunicaciones hasta <strong>1 a\u00f1o<\/strong>a menos que sea necesario por motivos legales o fiscales.<\/p>\n\n\n\n<hr class=\"wp-block-separator has-alpha-channel-opacity\"\/>\n\n\n\n<h3 class=\"wp-block-heading\">8. <strong>Servicios de terceros<\/strong><\/h3>\n\n\n\n<p>Podemos utilizar servicios de confianza como Wise, Telegram y proveedores de alojamiento que cuentan con sus propias protecciones de privacidad.<\/p>\n\n\n\n<hr class=\"wp-block-separator has-alpha-channel-opacity\"\/>\n\n\n\n<h3 class=\"wp-block-heading\">9. <strong>Cambios en esta pol\u00edtica<\/strong><\/h3>\n\n\n\n<p>Es posible que actualicemos esta pol\u00edtica. La \u00faltima versi\u00f3n estar\u00e1 siempre disponible en nuestro sitio web.<\/p>\n\n\n\n<hr class=\"wp-block-separator has-alpha-channel-opacity\"\/>\n\n\n\n<h3 class=\"wp-block-heading\">10. <strong>Contacte con nosotros<\/strong><\/h3>\n\n\n\n<p>Si tiene alguna pregunta o solicitud sobre sus datos:<br>\ud83d\udce7 <strong><a>ritualorganic.co@gmail.com<\/a><\/strong><br>\ud83d\udd12 Canales seguros disponibles previa solicitud<\/p>","protected":false},"excerpt":{"rendered":"<p>Fecha de entrada en vigor: 02\/07\/2025\u00daltima actualizaci\u00f3n: 02\/07\/2025 Ritual Genetics (\"nosotros\", \"nos\" o \"nuestro\") se compromete a proteger su privacidad. Esta Pol\u00edtica de Privacidad describe c\u00f3mo recopilamos, utilizamos y protegemos su informaci\u00f3n cuando visita nuestro sitio web o se comunica con nosotros a trav\u00e9s de plataformas encriptadas como WhatsApp o Telegram. 1. Informaci\u00f3n que recopilamos Podemos recopilar la siguiente [...]","protected":false},"author":1,"featured_media":0,"parent":0,"menu_order":0,"comment_status":"closed","ping_status":"closed","template":"","meta":{"footnotes":""},"class_list":["post-3","page","type-page","status-publish","hentry"],"jetpack_sharing_enabled":true,"_links":{"self":[{"href":"https:\/\/ritualgenetics.com\/es\/wp-json\/wp\/v2\/pages\/3","targetHints":{"allow":["GET"]}}],"collection":[{"href":"https:\/\/ritualgenetics.com\/es\/wp-json\/wp\/v2\/pages"}],"about":[{"href":"https:\/\/ritualgenetics.com\/es\/wp-json\/wp\/v2\/types\/page"}],"author":[{"embeddable":true,"href":"https:\/\/ritualgenetics.com\/es\/wp-json\/wp\/v2\/users\/1"}],"replies":[{"embeddable":true,"href":"https:\/\/ritualgenetics.com\/es\/wp-json\/wp\/v2\/comments?post=3"}],"version-history":[{"count":4,"href":"https:\/\/ritualgenetics.com\/es\/wp-json\/wp\/v2\/pages\/3\/revisions"}],"predecessor-version":[{"id":615,"href":"https:\/\/ritualgenetics.com\/es\/wp-json\/wp\/v2\/pages\/3\/revisions\/615"}],"wp:attachment":[{"href":"https:\/\/ritualgenetics.com\/es\/wp-json\/wp\/v2\/media?parent=3"}],"curies":[{"name":"wp","href":"https:\/\/api.w.org\/{rel}","templated":true}]}}