{"id":526,"date":"2025-06-25T17:27:25","date_gmt":"2025-06-25T17:27:25","guid":{"rendered":"https:\/\/cbdynamics.nl\/?page_id=526"},"modified":"2025-06-25T17:31:14","modified_gmt":"2025-06-25T17:31:14","slug":"disclaimer","status":"publish","type":"page","link":"https:\/\/ritualgenetics.com\/es\/disclaimer\/","title":{"rendered":"Descargo de responsabilidad"},"content":{"rendered":"<section class=\"disclaimer\">\n  <h2>Aviso legal - Ritual Genetics<\/h2>\n  <p><strong>Ritual Genetics proporciona semillas heredadas coleccionables y gen\u00e9tica bot\u00e1nica para clientes adultos interesados en la conservaci\u00f3n, la investigaci\u00f3n y la educaci\u00f3n.<\/strong><\/p>\n\n  <p>Estos productos se venden como <strong>recuerdos y objetos de colecci\u00f3n<\/strong> y son <strong>no destinados al cultivo, germinaci\u00f3n o propagaci\u00f3n<\/strong> en jurisdicciones donde tales actividades est\u00e9n prohibidas por la ley. Es responsabilidad exclusiva del cliente conocer y cumplir las leyes y normativas de su regi\u00f3n o pa\u00eds.<\/p>\n\n  <p>Ritual Genetics no aprueba, promueve ni fomenta ninguna actividad ilegal de ning\u00fan tipo. Operamos bajo el supuesto de que todos los clientes act\u00faan de acuerdo con su propia legislaci\u00f3n local. Cualquier menci\u00f3n de la gen\u00e9tica, la cr\u00eda, o terminolog\u00eda relacionada es s\u00f3lo para fines informativos y educativos y no implica ni sugiere ning\u00fan uso ilegal.<\/p>\n\n  <p><strong>Al hacer un pedido, usted:<\/strong><\/p>\n  <ul>\n    <li>Confirma que eres <strong>18 a\u00f1os o m\u00e1s<\/strong><\/li>\n    <li>Acepta que los art\u00edculos adquiridos est\u00e1n destinados a <strong>s\u00f3lo uso legal<\/strong><\/li>\n    <li>Acepte la plena responsabilidad del cumplimiento de su <strong>legislaci\u00f3n local, regional y nacional<\/strong><\/li>\n  <\/ul>\n\n  <p>Nos reservamos el derecho a rechazar el servicio, cancelar pedidos o restringir env\u00edos a nuestra discreci\u00f3n si hay razones para creer que los productos pueden ser utilizados en violaci\u00f3n de las leyes aplicables.<\/p>\n\n  <p><strong>Ritual Genetics, sus propietarios y afiliados no aceptan ninguna responsabilidad<\/strong> por el uso indebido de los productos vendidos o por las consecuencias derivadas de su uso no autorizado o il\u00edcito. Toda la informaci\u00f3n proporcionada en este sitio web es s\u00f3lo para conocimiento general y entretenimiento y no debe interpretarse como asesoramiento o est\u00edmulo legal.<\/p>\n\n  <p>Si no est\u00e1 seguro de la legalidad de comprar o poseer este tipo de productos en su zona, le recomendamos encarecidamente que consulte a un profesional jur\u00eddico cualificado. <strong>antes de hacer un pedido<\/strong>.<\/p>\n\n  <p>Gracias por apoyar la conservaci\u00f3n \u00e9tica, responsable e informada de la gen\u00e9tica.<\/p>\n<\/section>","protected":false},"excerpt":{"rendered":"<p>Exenci\u00f3n de responsabilidad legal - Ritual Genetics Ritual Genetics ofrece semillas de colecci\u00f3n y gen\u00e9tica bot\u00e1nica para clientes adultos interesados en la preservaci\u00f3n, investigaci\u00f3n y educaci\u00f3n. Estos productos se venden como recuerdos y art\u00edculos de colecci\u00f3n y no est\u00e1n destinados al cultivo, germinaci\u00f3n o propagaci\u00f3n en jurisdicciones donde tales actividades est\u00e1n prohibidas por la ley. Es responsabilidad exclusiva [...]","protected":false},"author":1,"featured_media":0,"parent":0,"menu_order":0,"comment_status":"closed","ping_status":"closed","template":"","meta":{"footnotes":""},"class_list":["post-526","page","type-page","status-publish","hentry"],"jetpack_sharing_enabled":true,"_links":{"self":[{"href":"https:\/\/ritualgenetics.com\/es\/wp-json\/wp\/v2\/pages\/526","targetHints":{"allow":["GET"]}}],"collection":[{"href":"https:\/\/ritualgenetics.com\/es\/wp-json\/wp\/v2\/pages"}],"about":[{"href":"https:\/\/ritualgenetics.com\/es\/wp-json\/wp\/v2\/types\/page"}],"author":[{"embeddable":true,"href":"https:\/\/ritualgenetics.com\/es\/wp-json\/wp\/v2\/users\/1"}],"replies":[{"embeddable":true,"href":"https:\/\/ritualgenetics.com\/es\/wp-json\/wp\/v2\/comments?post=526"}],"version-history":[{"count":3,"href":"https:\/\/ritualgenetics.com\/es\/wp-json\/wp\/v2\/pages\/526\/revisions"}],"predecessor-version":[{"id":532,"href":"https:\/\/ritualgenetics.com\/es\/wp-json\/wp\/v2\/pages\/526\/revisions\/532"}],"wp:attachment":[{"href":"https:\/\/ritualgenetics.com\/es\/wp-json\/wp\/v2\/media?parent=526"}],"curies":[{"name":"wp","href":"https:\/\/api.w.org\/{rel}","templated":true}]}}