{"id":433,"date":"2025-06-06T21:20:56","date_gmt":"2025-06-06T21:20:56","guid":{"rendered":"https:\/\/cbdynamics.nl\/product\/maroc-purple-5-pack\/"},"modified":"2025-07-27T05:53:53","modified_gmt":"2025-07-27T05:53:53","slug":"maroc-purple-5-pack","status":"publish","type":"product","link":"https:\/\/ritualgenetics.com\/es\/producto\/maroc-purple-5-pack\/","title":{"rendered":"Maroc Purple (paquete de 5)"},"content":{"rendered":"<p>Maroc Purple, una oda de color p\u00farpura a los campos de hach\u00eds tradicionales de las monta\u00f1as del Rif, es una reina de la resina endurecida por el sol. Su funk floral y afrutado y su r\u00e1pida producci\u00f3n la hacen muy apreciada tanto por los cultivadores de hach\u00eds de la vieja escuela como por los guerrilleros.<\/p>\n<p>Espera un crecimiento esbelto con ligeras ramificaciones laterales, perfecta para cultivos en mar verde o espacios exteriores reducidos. Sus cogollos gotean resina dulce y pegajosa que se convierte en un hach\u00eds suave y sabroso. Piensa en higos frescos, cuero viejo y ciruelas azucaradas - un bouquet \u00fanico con piernas.<\/p>\n<p>**THC:** 16-20%<br \/>\n**CBD:** &lt;1%<br \/>\n**\u00c9poca de floraci\u00f3n:** 7-8 semanas<br \/>\n**Rendimiento en interiores: 500-600 g\/m\u00b2.<br \/>\n**Rendimiento en exterior:** 600-800 g\/planta<br \/>\n**M\u00e9todo preferido:SOG \/ Outdoor<br \/>\n**Resistencia:** Alta<br \/>\n**Clima:** \u00c1rido, c\u00e1lido, mediterr\u00e1neo<br \/>\n**Efectos:** Relajante, contenido, introspectivo<br \/>\n**Terpenos:** Florales, bayas, especias<br \/>\n**Dificultad de crecimiento:** F\u00e1cil<br \/>\n**Mes de la cosecha:** Principios de octubre<br \/>\n**Interior\/Exterior:** Ambos<\/p>","protected":false},"excerpt":{"rendered":"<p>Profundamente arom\u00e1tico y de acabado r\u00e1pido: el zoco marroqu\u00ed en una semilla.<\/p>","protected":false},"featured_media":658,"comment_status":"open","ping_status":"closed","template":"","meta":[],"product_brand":[],"product_cat":[18],"product_tag":[40,39,36],"class_list":{"0":"post-433","1":"product","2":"type-product","3":"status-publish","4":"has-post-thumbnail","6":"product_cat-hash-altar","7":"product_tag-hash","8":"product_tag-resin","9":"product_tag-tropical","11":"first","12":"instock","13":"shipping-taxable","14":"purchasable","15":"product-type-simple"},"jetpack_sharing_enabled":true,"_links":{"self":[{"href":"https:\/\/ritualgenetics.com\/es\/wp-json\/wp\/v2\/product\/433","targetHints":{"allow":["GET"]}}],"collection":[{"href":"https:\/\/ritualgenetics.com\/es\/wp-json\/wp\/v2\/product"}],"about":[{"href":"https:\/\/ritualgenetics.com\/es\/wp-json\/wp\/v2\/types\/product"}],"replies":[{"embeddable":true,"href":"https:\/\/ritualgenetics.com\/es\/wp-json\/wp\/v2\/comments?post=433"}],"wp:featuredmedia":[{"embeddable":true,"href":"https:\/\/ritualgenetics.com\/es\/wp-json\/wp\/v2\/media\/658"}],"wp:attachment":[{"href":"https:\/\/ritualgenetics.com\/es\/wp-json\/wp\/v2\/media?parent=433"}],"wp:term":[{"taxonomy":"product_brand","embeddable":true,"href":"https:\/\/ritualgenetics.com\/es\/wp-json\/wp\/v2\/product_brand?post=433"},{"taxonomy":"product_cat","embeddable":true,"href":"https:\/\/ritualgenetics.com\/es\/wp-json\/wp\/v2\/product_cat?post=433"},{"taxonomy":"product_tag","embeddable":true,"href":"https:\/\/ritualgenetics.com\/es\/wp-json\/wp\/v2\/product_tag?post=433"}],"curies":[{"name":"wp","href":"https:\/\/api.w.org\/{rel}","templated":true}]}}