{"id":437,"date":"2025-06-06T21:20:58","date_gmt":"2025-06-06T21:20:58","guid":{"rendered":"https:\/\/cbdynamics.nl\/product\/papaya-kush-5-pack\/"},"modified":"2025-07-27T05:53:54","modified_gmt":"2025-07-27T05:53:54","slug":"papaya-kush-5-pack","status":"publish","type":"product","link":"https:\/\/ritualgenetics.com\/es\/producto\/papaya-kush-5-pack\/","title":{"rendered":"Papaya Kush (paquete de 5)"},"content":{"rendered":"<p>Papaya Kush ofrece ese caracter\u00edstico aroma tropical - mango, podredumbre y hach\u00eds - en un envoltorio achaparrado y de hoja ancha. Sus densos cogollos prensan como un sue\u00f1o y producen un hach\u00eds burbujeante que huele a frutas ex\u00f3ticas.<\/p>\n<p>Es compacta, resistente y hecha para el calor. Espera tricomas grasientos, altura media y una excepcional transferencia de terpenos en todos los formatos de extracci\u00f3n. M\u00e9tela en la lavadora y sonr\u00ede.<\/p>\n<p>**THC:** 20-23%<br \/>\n**CBD:** &lt;1%<br \/>\n**\u00c9poca de floraci\u00f3n:** 8-9 semanas<br \/>\n**Rendimiento en interiores: 500-600 g\/m\u00b2.<br \/>\n**Rendimiento en exterior:** 700-900 g\/planta<br \/>\n**M\u00e9todo preferido:** Bubble hash \/ Rosin<br \/>\n**Resistencia:** Alta<br \/>\n**Clima:** Tropical, h\u00famedo<br \/>\n**Efectos:** Relajante, afrutado, coloc\u00f3n<br \/>\n**Terpenos:** Papaya, mofeta, especias<br \/>\n**Dificultad de cultivo: Media-F\u00e1cil<br \/>\n**Mes de la cosecha:** Mediados de octubre<br \/>\n**Interior\/Exterior:** Ambos<\/p>","protected":false},"excerpt":{"rendered":"<p>Funk tropical con atractivo de hach\u00eds pegajoso y skunky.<\/p>","protected":false},"featured_media":660,"comment_status":"open","ping_status":"closed","template":"","meta":[],"product_brand":[],"product_cat":[18],"product_tag":[40,39,36],"class_list":{"0":"post-437","1":"product","2":"type-product","3":"status-publish","4":"has-post-thumbnail","6":"product_cat-hash-altar","7":"product_tag-hash","8":"product_tag-resin","9":"product_tag-tropical","11":"first","12":"instock","13":"shipping-taxable","14":"purchasable","15":"product-type-simple"},"jetpack_sharing_enabled":true,"_links":{"self":[{"href":"https:\/\/ritualgenetics.com\/es\/wp-json\/wp\/v2\/product\/437","targetHints":{"allow":["GET"]}}],"collection":[{"href":"https:\/\/ritualgenetics.com\/es\/wp-json\/wp\/v2\/product"}],"about":[{"href":"https:\/\/ritualgenetics.com\/es\/wp-json\/wp\/v2\/types\/product"}],"replies":[{"embeddable":true,"href":"https:\/\/ritualgenetics.com\/es\/wp-json\/wp\/v2\/comments?post=437"}],"wp:featuredmedia":[{"embeddable":true,"href":"https:\/\/ritualgenetics.com\/es\/wp-json\/wp\/v2\/media\/660"}],"wp:attachment":[{"href":"https:\/\/ritualgenetics.com\/es\/wp-json\/wp\/v2\/media?parent=437"}],"wp:term":[{"taxonomy":"product_brand","embeddable":true,"href":"https:\/\/ritualgenetics.com\/es\/wp-json\/wp\/v2\/product_brand?post=437"},{"taxonomy":"product_cat","embeddable":true,"href":"https:\/\/ritualgenetics.com\/es\/wp-json\/wp\/v2\/product_cat?post=437"},{"taxonomy":"product_tag","embeddable":true,"href":"https:\/\/ritualgenetics.com\/es\/wp-json\/wp\/v2\/product_tag?post=437"}],"curies":[{"name":"wp","href":"https:\/\/api.w.org\/{rel}","templated":true}]}}