{"id":731,"date":"2025-08-05T07:31:00","date_gmt":"2025-08-05T07:31:00","guid":{"rendered":"https:\/\/ritualgenetics.com\/?post_type=product&#038;p=731"},"modified":"2025-08-05T07:31:29","modified_gmt":"2025-08-05T07:31:29","slug":"kd-koh-tao-5-pack-regular","status":"publish","type":"product","link":"https:\/\/ritualgenetics.com\/es\/producto\/kd-koh-tao-5-pack-regular\/","title":{"rendered":"KD Koh Tao (paquete de 5) (Regulares)"},"content":{"rendered":"<p data-start=\"518\" data-end=\"939\"><strong data-start=\"518\" data-end=\"532\">KD Koh Tao<\/strong> es una rara variedad aut\u00f3ctona conservada en las selvas insulares de Koh Tao, Tailandia, una regi\u00f3n cargada de historia cann\u00e1bica y anta\u00f1o vinculada a las tristemente c\u00e9lebres rutas comerciales de Thai Stick de los a\u00f1os setenta. Esta sativa tropical presenta un crecimiento vigoroso, entrenudos largos y una morfolog\u00eda de hoja estrecha que prospera en climas c\u00e1lidos y h\u00famedos. Tiempos de floraci\u00f3n <strong data-start=\"869\" data-end=\"887\">De 13 a 16 semanas<\/strong>, con plantas que pueden alcanzar m\u00e1s de 3 metros en el exterior.<\/p>\n<p data-start=\"941\" data-end=\"1227\">Esta variedad ofrece un <strong data-start=\"965\" data-end=\"990\">brillante, alto el\u00e9ctrico<\/strong> con notas de piel de mango, mentol, pino y fruta fermentada. Aunque los rendimientos pueden ser moderados, la <strong data-start=\"1087\" data-end=\"1129\">calidad de la resina y claridad psicoactiva<\/strong> la convierten en una de las favoritas de los puristas de las razas aut\u00f3ctonas y de los criadores que buscan rasgos del sudeste asi\u00e1tico sin trabajar.<\/p>\n<p data-start=\"1229\" data-end=\"1407\">KD Koh Tao es ideal para <strong data-start=\"1258\" data-end=\"1295\">cultivo al aire libre o en invernadero<\/strong> donde se dispone de largas temporadas y espacio vertical. En entornos controlados, la paciencia y el entrenamiento son fundamentales.<\/p>\n<p data-start=\"1229\" data-end=\"1407\"><strong data-start=\"1418\" data-end=\"1432\">Ideal para:<\/strong><\/p>\n<ul data-start=\"1435\" data-end=\"1612\">\n<li data-start=\"1435\" data-end=\"1477\">\n<p data-start=\"1437\" data-end=\"1477\">Preservacionistas y coleccionistas de variedades locales<\/p>\n<\/li>\n<li data-start=\"1478\" data-end=\"1526\">\n<p data-start=\"1480\" data-end=\"1526\">Los criadores buscan rasgos de sativa tropical pura<\/p>\n<\/li>\n<li data-start=\"1527\" data-end=\"1555\">\n<p data-start=\"1529\" data-end=\"1555\">Cultivadores tropicales de exterior<\/p>\n<\/li>\n<li data-start=\"1556\" data-end=\"1612\">\n<p data-start=\"1558\" data-end=\"1612\">Cualquiera que persiga ese subid\u00f3n tailand\u00e9s de la vieja escuela...<\/p>\n<\/li>\n<\/ul>\n<p>&nbsp;<\/p>\n<p><strong data-start=\"152\" data-end=\"161\">Tipo:<\/strong> Semillas regulares | <strong data-start=\"178\" data-end=\"190\">Linaje:<\/strong> Thai Landrace (Koh Tao)<br data-start=\"214\" data-end=\"217\" \/><strong data-start=\"217\" data-end=\"230\">Categor\u00eda:<\/strong> Semillas de Siam<br data-start=\"244\" data-end=\"247\" \/><strong data-start=\"247\" data-end=\"266\">\u00c9poca de floraci\u00f3n:<\/strong> 13-16 semanas<br data-start=\"278\" data-end=\"281\" \/><strong data-start=\"281\" data-end=\"297\">Medio ambiente:<\/strong> Tropical \/ Subtropical Exterior, Invernadero<br data-start=\"340\" data-end=\"343\" \/><strong data-start=\"343\" data-end=\"354\">Altura:<\/strong> Muy alto | <strong data-start=\"367\" data-end=\"377\">Rendimiento:<\/strong> Media a alta<br data-start=\"392\" data-end=\"395\" \/><strong data-start=\"395\" data-end=\"406\">Efecto:<\/strong> En\u00e9rgico, euf\u00f3rico, l\u00facido<br data-start=\"440\" data-end=\"443\" data-is-only-node=\"\" \/><strong data-start=\"443\" data-end=\"454\">Sabor:<\/strong> Mango especiado, pino, funk herbal<\/p>","protected":false},"excerpt":{"rendered":"<p>Sativa de larga floraci\u00f3n con efectos euf\u00f3ricos y un perfil de terpenos de mango, pino y fruta fermentada.<\/p>","protected":false},"featured_media":732,"comment_status":"open","ping_status":"closed","template":"","meta":[],"product_brand":[],"product_cat":[43],"product_tag":[],"class_list":{"0":"post-731","1":"product","2":"type-product","3":"status-publish","4":"has-post-thumbnail","6":"product_cat-seeds-of-siam","8":"first","9":"instock","10":"shipping-taxable","11":"purchasable","12":"product-type-simple"},"jetpack_sharing_enabled":true,"_links":{"self":[{"href":"https:\/\/ritualgenetics.com\/es\/wp-json\/wp\/v2\/product\/731","targetHints":{"allow":["GET"]}}],"collection":[{"href":"https:\/\/ritualgenetics.com\/es\/wp-json\/wp\/v2\/product"}],"about":[{"href":"https:\/\/ritualgenetics.com\/es\/wp-json\/wp\/v2\/types\/product"}],"replies":[{"embeddable":true,"href":"https:\/\/ritualgenetics.com\/es\/wp-json\/wp\/v2\/comments?post=731"}],"wp:featuredmedia":[{"embeddable":true,"href":"https:\/\/ritualgenetics.com\/es\/wp-json\/wp\/v2\/media\/732"}],"wp:attachment":[{"href":"https:\/\/ritualgenetics.com\/es\/wp-json\/wp\/v2\/media?parent=731"}],"wp:term":[{"taxonomy":"product_brand","embeddable":true,"href":"https:\/\/ritualgenetics.com\/es\/wp-json\/wp\/v2\/product_brand?post=731"},{"taxonomy":"product_cat","embeddable":true,"href":"https:\/\/ritualgenetics.com\/es\/wp-json\/wp\/v2\/product_cat?post=731"},{"taxonomy":"product_tag","embeddable":true,"href":"https:\/\/ritualgenetics.com\/es\/wp-json\/wp\/v2\/product_tag?post=731"}],"curies":[{"name":"wp","href":"https:\/\/api.w.org\/{rel}","templated":true}]}}