{"id":733,"date":"2025-08-05T07:45:13","date_gmt":"2025-08-05T07:45:13","guid":{"rendered":"https:\/\/ritualgenetics.com\/?post_type=product&#038;p=733"},"modified":"2025-08-05T12:01:00","modified_gmt":"2025-08-05T12:01:00","slug":"rudder-%e0%b8%ab%e0%b8%b2%e0%b8%87%e0%b9%80%e0%b8%aa%e0%b8%b7%e0%b8%ad-haang-suea","status":"publish","type":"product","link":"https:\/\/ritualgenetics.com\/es\/producto\/rudder-%e0%b8%ab%e0%b8%b2%e0%b8%87%e0%b9%80%e0%b8%aa%e0%b8%b7%e0%b8%ad-haang-suea\/","title":{"rendered":"Rudder \u0e2b\u0e32\u0e07\u0e40\u0e2a\u0e37\u0e2d Haang Suea (paquete de 5) (Regulares)"},"content":{"rendered":"<p data-start=\"564\" data-end=\"942\"><strong data-start=\"564\" data-end=\"574\">Rudder<\/strong>tambi\u00e9n conocido localmente como <strong data-start=\"598\" data-end=\"609\">Tim\u00f3n<\/strong>es una rara variedad aut\u00f3ctona tailandesa procedente de cultivadores costeros de la costa oriental, probablemente de las islas y los sistemas fluviales de las tierras bajas del norte del Golfo. Aunque su origen exacto es dif\u00edcil de rastrear, este cultivar se ha transmitido de generaci\u00f3n en generaci\u00f3n a trav\u00e9s de manos tranquilas y agricultores locales, y se ha utilizado tanto en entornos recreativos como rituales.<\/p>\n<p data-start=\"944\" data-end=\"1190\">A diferencia de los subidones m\u00e1s el\u00e9ctricos de las sativas de las tierras altas, Rudder ofrece un <strong data-start=\"1014\" data-end=\"1054\">un subid\u00f3n m\u00e1s enraizado e introspectivo<\/strong> - mentalmente expansiva pero suave, meditativa y duradera. Es una variedad que no te lleva de paseo. <strong data-start=\"1169\" data-end=\"1187\">le permite dirigir<\/strong>.<\/p>\n<p data-start=\"1192\" data-end=\"1504\">Las plantas crecen altas y \u00e1giles, con una estructura ramificada adaptada a la humedad y la brisa marina. <strong data-start=\"1282\" data-end=\"1316\">La floraci\u00f3n dura de 12 a 15 semanas<\/strong>Y aunque los cogollos son delgados, desprenden un aroma \u00fanico y complejo: <strong data-start=\"1387\" data-end=\"1450\">s\u00e1ndalo seco, lima kaffir, pimienta negra y suelo de bosque<\/strong>. Es el tipo de perfil de terpenos que parece antiguo.<\/p>\n<h3 data-start=\"1511\" data-end=\"1535\"><strong data-start=\"1515\" data-end=\"1533\">En el jard\u00edn:<\/strong><\/h3>\n<p data-start=\"1536\" data-end=\"1958\">El tim\u00f3n est\u00e1 bien adaptado a <strong data-start=\"1562\" data-end=\"1591\">climas tropicales de llanura<\/strong>La planta se adapta con facilidad al calor y a la lluvia. Prefiere los suelos ligeros y arenosos y los ritmos naturales: alimentaci\u00f3n m\u00ednima, muchas horas de luz y espacio para estirarse. Es la m\u00e1s adecuada para el cultivo en exterior o en invernadero, especialmente en regiones con estaciones largas. Ideal para <strong data-start=\"1843\" data-end=\"1903\">cultivadores que buscan expresiones de variedades aut\u00f3ctonas sutiles pero potentes<\/strong> que hablan del terru\u00f1o costero y fluvial de Tailandia.<\/p>\n<h3 data-start=\"1965\" data-end=\"1985\"><strong data-start=\"1969\" data-end=\"1983\">Ideal para:<\/strong><\/h3>\n<ul data-start=\"1986\" data-end=\"2178\">\n<li data-start=\"1986\" data-end=\"2028\">\n<p data-start=\"1988\" data-end=\"2028\">Coleccionistas de Landrace y puristas de sativa<\/p>\n<\/li>\n<li data-start=\"2029\" data-end=\"2089\">\n<p data-start=\"2031\" data-end=\"2089\">Los criadores buscan rasgos tropicales de meditaci\u00f3n y baja ansiedad<\/p>\n<\/li>\n<li data-start=\"2090\" data-end=\"2129\">\n<p data-start=\"2092\" data-end=\"2129\">Cultivadores selv\u00e1ticos\/exteriores en zonas h\u00famedas<\/p>\n<\/li>\n<li data-start=\"2130\" data-end=\"2178\">\n<p data-start=\"2132\" data-end=\"2178\">Cazadores de terpenos en busca de la complejidad terroso-dulce<\/p>\n<\/li>\n<\/ul>\n<p>&nbsp;<\/p>\n<p><strong data-start=\"159\" data-end=\"168\">Tipo:<\/strong> Semillas regulares | <strong data-start=\"185\" data-end=\"197\">Linaje:<\/strong> Thai Landrace (procedencia desconocida, origen del norte del Golfo)<br data-start=\"254\" data-end=\"257\" \/><strong data-start=\"257\" data-end=\"270\">Categor\u00eda:<\/strong> Semillas de Siam<br data-start=\"284\" data-end=\"287\" \/><strong data-start=\"287\" data-end=\"306\">\u00c9poca de floraci\u00f3n:<\/strong> 12-15 semanas<br data-start=\"318\" data-end=\"321\" \/><strong data-start=\"321\" data-end=\"337\">Medio ambiente:<\/strong> Tropical \/ Subtropical Exterior, Invernadero<br data-start=\"380\" data-end=\"383\" \/><strong data-start=\"383\" data-end=\"394\">Altura:<\/strong> Tall | <strong data-start=\"402\" data-end=\"412\">Rendimiento:<\/strong> Moderado<br data-start=\"421\" data-end=\"424\" \/><strong data-start=\"424\" data-end=\"435\">Efecto:<\/strong> Mentalmente expansivo, meditativo, equilibrado<br data-start=\"476\" data-end=\"479\" \/><strong data-start=\"479\" data-end=\"490\">Sabor:<\/strong> S\u00e1ndalo, hoja de tilo, an\u00eds, tierra de bosque<\/p>","protected":false},"excerpt":{"rendered":"<p>Variedad aut\u00f3ctona costera con un efecto meditativo y complejos terpenos de s\u00e1ndalo, lima y tierra. De larga floraci\u00f3n y construida para la resistencia tropical.<\/p>","protected":false},"featured_media":734,"comment_status":"open","ping_status":"closed","template":"","meta":[],"product_brand":[],"product_cat":[43],"product_tag":[],"class_list":{"0":"post-733","1":"product","2":"type-product","3":"status-publish","4":"has-post-thumbnail","6":"product_cat-seeds-of-siam","8":"first","9":"instock","10":"shipping-taxable","11":"purchasable","12":"product-type-simple"},"jetpack_sharing_enabled":true,"_links":{"self":[{"href":"https:\/\/ritualgenetics.com\/es\/wp-json\/wp\/v2\/product\/733","targetHints":{"allow":["GET"]}}],"collection":[{"href":"https:\/\/ritualgenetics.com\/es\/wp-json\/wp\/v2\/product"}],"about":[{"href":"https:\/\/ritualgenetics.com\/es\/wp-json\/wp\/v2\/types\/product"}],"replies":[{"embeddable":true,"href":"https:\/\/ritualgenetics.com\/es\/wp-json\/wp\/v2\/comments?post=733"}],"wp:featuredmedia":[{"embeddable":true,"href":"https:\/\/ritualgenetics.com\/es\/wp-json\/wp\/v2\/media\/734"}],"wp:attachment":[{"href":"https:\/\/ritualgenetics.com\/es\/wp-json\/wp\/v2\/media?parent=733"}],"wp:term":[{"taxonomy":"product_brand","embeddable":true,"href":"https:\/\/ritualgenetics.com\/es\/wp-json\/wp\/v2\/product_brand?post=733"},{"taxonomy":"product_cat","embeddable":true,"href":"https:\/\/ritualgenetics.com\/es\/wp-json\/wp\/v2\/product_cat?post=733"},{"taxonomy":"product_tag","embeddable":true,"href":"https:\/\/ritualgenetics.com\/es\/wp-json\/wp\/v2\/product_tag?post=733"}],"curies":[{"name":"wp","href":"https:\/\/api.w.org\/{rel}","templated":true}]}}