{"id":735,"date":"2025-08-06T05:40:05","date_gmt":"2025-08-06T05:40:05","guid":{"rendered":"https:\/\/ritualgenetics.com\/?post_type=product&#038;p=735"},"modified":"2025-08-06T05:40:05","modified_gmt":"2025-08-06T05:40:05","slug":"tanao-sri-red-%e0%b8%95%e0%b8%b0%e0%b8%99%e0%b8%b2%e0%b8%a7%e0%b8%a8%e0%b8%a3%e0%b8%b5%e0%b9%81%e0%b8%94%e0%b8%87-tanao-sri-daeng-5-pack-regular","status":"publish","type":"product","link":"https:\/\/ritualgenetics.com\/es\/producto\/tanao-sri-red-%e0%b8%95%e0%b8%b0%e0%b8%99%e0%b8%b2%e0%b8%a7%e0%b8%a8%e0%b8%a3%e0%b8%b5%e0%b9%81%e0%b8%94%e0%b8%87-tanao-sri-daeng-5-pack-regular\/","title":{"rendered":"Tanao Sri Red \u0e15\u0e30\u0e19\u0e32\u0e27\u0e28\u0e23\u0e35\u0e41\u0e14\u0e07 Tanao Sri Daeng - (paquete de 5) (Regulares)"},"content":{"rendered":"<p data-start=\"615\" data-end=\"881\">Procedente de la profunda l\u00ednea forestal del <strong data-start=\"656\" data-end=\"684\">Cordillera de Tanao Sri<\/strong>que separa las llanuras centrales de Tailandia de las colinas de Tenasserim, <strong data-start=\"755\" data-end=\"772\">Tanao Sri Rojo<\/strong> es una rara variedad aut\u00f3ctona h\u00edbrida de tierras bajas y altas que exhibe una coloraci\u00f3n atrevida, un vigor salvaje y unos efectos embriagadores.<\/p>\n<p data-start=\"883\" data-end=\"1277\">M\u00e1s alta e intensa que su hermana <em data-start=\"923\" data-end=\"940\">Tanao Sri White<\/em>Este cultivar termina tarde, pero recompensa a los cultivadores pacientes con <strong data-start=\"1005\" data-end=\"1025\">pistilos rojo intenso<\/strong>, <strong data-start=\"1027\" data-end=\"1051\">terpenos ricos en especias<\/strong>y un potente <strong data-start=\"1068\" data-end=\"1091\">efecto psicoactivo<\/strong> que roza lo visionario. Es uno de los <strong data-start=\"1140\" data-end=\"1168\">razas aut\u00f3ctonas tailandesas sensoriales<\/strong>El sistema de control de la temperatura, conocido por amplificar el tacto, el sonido y la inmersi\u00f3n, es perfecto para largos paseos por la naturaleza o la exploraci\u00f3n del mundo interior.<\/p>\n<p data-start=\"1279\" data-end=\"1592\">Los tallos y los peciolos pueden presentar estr\u00edas de color rojo oscuro o p\u00farpura, y las hojas son estrechas con una distancia internodal media. Las plantas prosperan en <strong data-start=\"1412\" data-end=\"1436\">zonas tropicales h\u00famedas<\/strong> con ligeros aportes org\u00e1nicos y suelo profundo. La floraci\u00f3n suele tardar <strong data-start=\"1504\" data-end=\"1522\">De 14 a 17 semanas<\/strong>pero las cosechas tard\u00edas pueden desbloquear capas adicionales de sabor y efecto.<\/p>\n<p data-start=\"1279\" data-end=\"1592\"><strong data-start=\"1603\" data-end=\"1621\">En el jard\u00edn:<\/strong><\/p>\n<p data-start=\"1624\" data-end=\"1897\"><strong data-start=\"1624\" data-end=\"1641\">Tanao Sri Rojo<\/strong> es el m\u00e1s adecuado para <strong data-start=\"1660\" data-end=\"1691\">cultivo al aire libre de larga temporada<\/strong> en el sudeste asi\u00e1tico o en latitudes similares. Prefiere los ritmos naturales: noches c\u00e1lidas, acumulaci\u00f3n de lluvias y ciclos de luz estables. La resistencia al moho es moderada debido a su estructura abierta y a su contenido en aceites esenciales.<\/p>\n<p data-start=\"1899\" data-end=\"2050\">Ideal para <strong data-start=\"1909\" data-end=\"1968\">coleccionistas de variedades locales y criadores que buscan insumos ex\u00f3ticos<\/strong>o cualquiera que busque una planta que le haga sentir salvaje, espiritual y verdaderamente del sudeste asi\u00e1tico.<\/p>\n<p data-start=\"1899\" data-end=\"2050\"><strong data-start=\"2061\" data-end=\"2075\">Ideal para:<\/strong><\/p>\n<ul data-start=\"2078\" data-end=\"2305\">\n<li data-start=\"2078\" data-end=\"2131\">\n<p data-start=\"2080\" data-end=\"2131\">Coleccionistas de reliquias y conservacionistas regionales<\/p>\n<\/li>\n<li data-start=\"2132\" data-end=\"2191\">\n<p data-start=\"2134\" data-end=\"2191\">Los criadores exploran los subidones psicod\u00e9licos o sensoriales<\/p>\n<\/li>\n<li data-start=\"2192\" data-end=\"2259\">\n<p data-start=\"2194\" data-end=\"2259\">Cultivadores que buscan una coloraci\u00f3n poco com\u00fan y un profundo car\u00e1cter tropical<\/p>\n<\/li>\n<li data-start=\"2260\" data-end=\"2305\">\n<p data-start=\"2262\" data-end=\"2305\">Cultivadores de exterior en climas c\u00e1lidos y h\u00famedos<\/p>\n<\/li>\n<\/ul>\n<p><strong data-start=\"211\" data-end=\"220\">Tipo:<\/strong> Semillas regulares | <strong data-start=\"237\" data-end=\"249\">Linaje:<\/strong> Thai Landrace (Tanao Sri Range, Tailandia occidental)<br data-start=\"299\" data-end=\"302\" \/><strong data-start=\"302\" data-end=\"315\">Categor\u00eda:<\/strong> Semillas de Siam<br data-start=\"329\" data-end=\"332\" \/><strong data-start=\"332\" data-end=\"351\">\u00c9poca de floraci\u00f3n:<\/strong> 14-17 semanas<br data-start=\"363\" data-end=\"366\" \/><strong data-start=\"366\" data-end=\"382\">Medio ambiente:<\/strong> Tropical Exterior \/ Invernadero<br data-start=\"412\" data-end=\"415\" \/><strong data-start=\"415\" data-end=\"426\">Altura:<\/strong> Muy alto | <strong data-start=\"439\" data-end=\"449\">Rendimiento:<\/strong> Moderado a alto<br data-start=\"466\" data-end=\"469\" \/><strong data-start=\"469\" data-end=\"480\">Efecto:<\/strong> Euf\u00f3rico, sensorial, en trance<br data-start=\"511\" data-end=\"514\" \/><strong data-start=\"514\" data-end=\"525\">Sabor:<\/strong> Especias rojas, albahaca dulce, corteza de canela, frutas del bosque \u00e1cidas<\/p>","protected":false},"excerpt":{"rendered":"<p>Rara variedad aut\u00f3ctona tailandesa de la gama Tanao Sri. Sativa de larga floraci\u00f3n con pistilos rojos, intensos subidones sensoriales y un perfil terp\u00e9nico de especias, albahaca y frutas del bosque.<\/p>","protected":false},"featured_media":736,"comment_status":"open","ping_status":"closed","template":"","meta":[],"product_brand":[],"product_cat":[43],"product_tag":[],"class_list":{"0":"post-735","1":"product","2":"type-product","3":"status-publish","4":"has-post-thumbnail","6":"product_cat-seeds-of-siam","8":"first","9":"instock","10":"shipping-taxable","11":"purchasable","12":"product-type-simple"},"jetpack_sharing_enabled":true,"_links":{"self":[{"href":"https:\/\/ritualgenetics.com\/es\/wp-json\/wp\/v2\/product\/735","targetHints":{"allow":["GET"]}}],"collection":[{"href":"https:\/\/ritualgenetics.com\/es\/wp-json\/wp\/v2\/product"}],"about":[{"href":"https:\/\/ritualgenetics.com\/es\/wp-json\/wp\/v2\/types\/product"}],"replies":[{"embeddable":true,"href":"https:\/\/ritualgenetics.com\/es\/wp-json\/wp\/v2\/comments?post=735"}],"wp:featuredmedia":[{"embeddable":true,"href":"https:\/\/ritualgenetics.com\/es\/wp-json\/wp\/v2\/media\/736"}],"wp:attachment":[{"href":"https:\/\/ritualgenetics.com\/es\/wp-json\/wp\/v2\/media?parent=735"}],"wp:term":[{"taxonomy":"product_brand","embeddable":true,"href":"https:\/\/ritualgenetics.com\/es\/wp-json\/wp\/v2\/product_brand?post=735"},{"taxonomy":"product_cat","embeddable":true,"href":"https:\/\/ritualgenetics.com\/es\/wp-json\/wp\/v2\/product_cat?post=735"},{"taxonomy":"product_tag","embeddable":true,"href":"https:\/\/ritualgenetics.com\/es\/wp-json\/wp\/v2\/product_tag?post=735"}],"curies":[{"name":"wp","href":"https:\/\/api.w.org\/{rel}","templated":true}]}}