{"id":2,"date":"2025-05-26T02:47:19","date_gmt":"2025-05-26T02:47:19","guid":{"rendered":"https:\/\/cbdynamics.nl\/?page_id=2"},"modified":"2025-08-29T16:58:09","modified_gmt":"2025-08-29T16:58:09","slug":"ritual-genetics","status":"publish","type":"page","link":"https:\/\/ritualgenetics.com\/pt\/","title":{"rendered":"Ritual Genetics - P\u00e1gina inicial"},"content":{"rendered":"<section class=\"wp-block-cover show-for-small full-mobile-hero\" style=\"min-height:571px;aspect-ratio:unset;\"><img decoding=\"async\" width=\"1024\" height=\"1536\" class=\"wp-block-cover__image-background wp-image-203 size-full lazyload\" alt=\"\" data-src=\"https:\/\/cbdynamics.nl\/wp-content\/uploads\/2025\/05\/8c3331c0-77c5-4dd6-9775-cca989543443.png\" data-object-fit=\"cover\" data-srcset=\"https:\/\/ritualgenetics.com\/wp-content\/uploads\/2025\/05\/8c3331c0-77c5-4dd6-9775-cca989543443.png 1024w, https:\/\/ritualgenetics.com\/wp-content\/uploads\/2025\/05\/8c3331c0-77c5-4dd6-9775-cca989543443-510x765.png 510w, https:\/\/ritualgenetics.com\/wp-content\/uploads\/2025\/05\/8c3331c0-77c5-4dd6-9775-cca989543443-200x300.png 200w, https:\/\/ritualgenetics.com\/wp-content\/uploads\/2025\/05\/8c3331c0-77c5-4dd6-9775-cca989543443-683x1024.png 683w, https:\/\/ritualgenetics.com\/wp-content\/uploads\/2025\/05\/8c3331c0-77c5-4dd6-9775-cca989543443-768x1152.png 768w\" data-sizes=\"(max-width: 1024px) 100vw, 1024px\" src=\"data:image\/svg+xml;base64,PHN2ZyB3aWR0aD0iMSIgaGVpZ2h0PSIxIiB4bWxucz0iaHR0cDovL3d3dy53My5vcmcvMjAwMC9zdmciPjwvc3ZnPg==\" style=\"--smush-placeholder-width: 1024px; --smush-placeholder-aspect-ratio: 1024\/1536;\" \/><span aria-hidden=\"true\" class=\"wp-block-cover__background has-background-dim-0 has-background-dim\" style=\"background-color:#3e1f2e\"><\/span><div class=\"wp-block-cover__inner-container is-layout-constrained wp-block-cover-is-layout-constrained\">\n<div style=\"height:410px\" aria-hidden=\"true\" class=\"wp-block-spacer\"><\/div>\n\n\n\n<p class=\"has-text-align-center has-luminous-vivid-amber-color has-text-color has-link-color has-large-font-size wp-elements-7364e3ddd09f7d777c94906b4ffde521\">Aproveite o desconto de 10% em 3 pacotes ou mais!<\/p>\n<\/div><\/section>\n\n\n\n<div class=\"wp-block-cover hide-for-small\" style=\"min-height:400px;aspect-ratio:unset;\"><img decoding=\"async\" width=\"1024\" height=\"1024\" class=\"wp-block-cover__image-background wp-image-74 size-full lazyload\" alt=\"\" data-src=\"https:\/\/ritualgenetics.com\/wp-content\/uploads\/2025\/05\/ritual-genetics-bg-rehost.png\" style=\"--smush-placeholder-width: 1024px; --smush-placeholder-aspect-ratio: 1024\/1024;object-position:50% 49%\" data-object-fit=\"cover\" data-object-position=\"50% 49%\" data-srcset=\"https:\/\/ritualgenetics.com\/wp-content\/uploads\/2025\/05\/ritual-genetics-bg-rehost.png 1024w, https:\/\/ritualgenetics.com\/wp-content\/uploads\/2025\/05\/ritual-genetics-bg-rehost-100x100.png 100w, https:\/\/ritualgenetics.com\/wp-content\/uploads\/2025\/05\/ritual-genetics-bg-rehost-510x510.png 510w, https:\/\/ritualgenetics.com\/wp-content\/uploads\/2025\/05\/ritual-genetics-bg-rehost-300x300.png 300w, https:\/\/ritualgenetics.com\/wp-content\/uploads\/2025\/05\/ritual-genetics-bg-rehost-150x150.png 150w, https:\/\/ritualgenetics.com\/wp-content\/uploads\/2025\/05\/ritual-genetics-bg-rehost-768x768.png 768w\" data-sizes=\"(max-width: 1024px) 100vw, 1024px\" src=\"data:image\/svg+xml;base64,PHN2ZyB3aWR0aD0iMSIgaGVpZ2h0PSIxIiB4bWxucz0iaHR0cDovL3d3dy53My5vcmcvMjAwMC9zdmciPjwvc3ZnPg==\" \/><span aria-hidden=\"true\" class=\"wp-block-cover__background has-background-dim-0 has-background-dim\" style=\"background-color:#412235\"><\/span><div class=\"wp-block-cover__inner-container is-layout-constrained wp-block-cover-is-layout-constrained\">\n<div style=\"height:100px\" aria-hidden=\"true\" class=\"wp-block-spacer\"><\/div>\n\n\n\n<p class=\"has-text-align-center has-luminous-vivid-amber-color has-text-color has-link-color has-large-font-size wp-elements-b8690e3784b395a15069b03babdf49d2\"><br><br><br><br><br><br><br><br>Aproveite o desconto de 10% em 3 pacotes ou mais!<\/p>\n<\/div><\/div>\n\n\n\n<p><br>Bem-vindo \u00e0 Ritual Genetics, sua parceira no cultivo tropical. Somos uma empresa de sementes sem sentido, focada em fornecer gen\u00e9tica acess\u00edvel para o cultivo em climas tropicais desafiadores. Nossa oferta \u00e9 dividida em quatro categorias.<\/p>\n\n\n\n<h2 class=\"wp-block-heading\"><\/h2>\n\n\n\n<ul class=\"wp-block-list\">\n<li>Cl\u00e1ssicos r\u00e1pidos: <strong>Lendas comprovadas e de acabamento precoce<\/strong><br>Uma sele\u00e7\u00e3o de cepas testadas ao longo do tempo, conhecidas por sua <strong>velocidade<\/strong>, <strong>resili\u00eancia<\/strong>e <strong>confiabilidade<\/strong>. Esses s\u00e3o os cavalos de batalha do mundo da cannabis - gen\u00e9tica confi\u00e1vel com tempos de flora\u00e7\u00e3o curtos, forte resist\u00eancia a mofo e desempenho consistente em climas tropicais e subtropicais. Ideal para cultivos ao ar livre ou para qualquer pessoa que esteja procurando um retorno r\u00e1pido sem sacrificar a qualidade.<\/li>\n\n\n\n<li>Lendas do Futuro: <strong>Cortes modernos com forte energia de mercado<\/strong> <br>Essa cole\u00e7\u00e3o apresenta os <strong>cepas mais quentes<\/strong> - ganhadores de pr\u00eamios, colabora\u00e7\u00f5es de criadores e cultivares de grife que geram burburinho no cen\u00e1rio global da cannabis. Essas gen\u00e9ticas s\u00e3o selecionadas por suas <strong>apelo da bolsa<\/strong>, <strong>pot\u00eancia<\/strong>e <strong>perfis \u00fanicos de terpenos<\/strong>e muitas s\u00e3o bem adaptadas a ambientes tropicais controlados ou a estufas. Perfeito para produtores que desejam se destacar e se manter atualizados.<\/li>\n\n\n\n<li>O Altar de Hash: <strong>Cepas selecionadas para retorno de resina, sabor e hash<\/strong><br>Dedicado aos amantes de <strong>extra\u00e7\u00e3o e sabor<\/strong>Essa categoria apresenta cultivares que se destacam em <strong>densidade de tricomas<\/strong>, <strong>produ\u00e7\u00e3o de resina<\/strong>e <strong>complexidade dos terpenos<\/strong>. Quer voc\u00ea esteja prensando breu, fazendo haxixe tradicional ou elaborando concentrados de espectro total, essas variedades s\u00e3o ideais. A maioria \u00e9 <strong>indica-dominante<\/strong> e prosperam tanto em ambientes internos controlados quanto em ambientes externos secos.<\/li>\n\n\n\n<li>Sementes do Si\u00e3o:<strong> Landraces do cora\u00e7\u00e3o do Reino<\/strong><br>Essa cole\u00e7\u00e3o preserva a gen\u00e9tica rara e hist\u00f3rica da Tail\u00e2ndia - sativas indom\u00e1veis e cultivares tropicais transmitidas por gera\u00e7\u00f5es de agricultores locais. <strong>Sementes do Si\u00e3o<\/strong> oferece acesso direto ao patrim\u00f4nio de cannabis do pa\u00eds: variedades de flora\u00e7\u00e3o longa, ricas em terpenos, adaptadas aos ciclos de mon\u00e7\u00f5es, solos magros e luz equatorial. S\u00e3o variedades puras e espec\u00edficas da regi\u00e3o, ideais para trabalhos de preserva\u00e7\u00e3o, projetos de reprodu\u00e7\u00e3o ou cultivadores aventureiros que buscam uma conex\u00e3o mais profunda com as ra\u00edzes da planta. Espere plantas imponentes, alturas elevadas e express\u00f5es que falam a linguagem da selva.<\/li>\n<\/ul>\n\n\n\n<p><strong>Todas as variedades s\u00e3o feminizadas (fotoper\u00edodo, n\u00e3o autom\u00e1tico), a menos que especificado de outra forma. As sementes s\u00e3o vendidas apenas como itens de cole\u00e7\u00e3o. Veja <a href=\"http:\/\/cbdynamics.nl\/disclaimer\"><em><span style=\"text-decoration: underline;\">Isen\u00e7\u00e3o de responsabilidade<\/span><\/em><\/a> para obter mais detalhes.<\/strong><\/p>\n\n\n\n<p><\/p>","protected":false},"excerpt":{"rendered":"<p>Bem-vindo \u00e0 Ritual Genetics, sua parceira no cultivo tropical. Somos uma empresa de sementes sem sentido, focada em fornecer gen\u00e9tica acess\u00edvel para o cultivo em climas tropicais desafiadores. Nossa oferta est\u00e1 dividida em quatro categorias. Todas as linhagens s\u00e3o feminizadas (fotoper\u00edodo, n\u00e3o autom\u00e1tico), a menos que especificado de outra forma. As sementes s\u00e3o vendidas apenas como itens de cole\u00e7\u00e3o. Consulte a isen\u00e7\u00e3o de responsabilidade para obter detalhes completos.<\/p>","protected":false},"author":1,"featured_media":0,"parent":0,"menu_order":0,"comment_status":"closed","ping_status":"closed","template":"","meta":{"footnotes":""},"class_list":["post-2","page","type-page","status-publish","hentry"],"jetpack_sharing_enabled":true,"_links":{"self":[{"href":"https:\/\/ritualgenetics.com\/pt\/wp-json\/wp\/v2\/pages\/2","targetHints":{"allow":["GET"]}}],"collection":[{"href":"https:\/\/ritualgenetics.com\/pt\/wp-json\/wp\/v2\/pages"}],"about":[{"href":"https:\/\/ritualgenetics.com\/pt\/wp-json\/wp\/v2\/types\/page"}],"author":[{"embeddable":true,"href":"https:\/\/ritualgenetics.com\/pt\/wp-json\/wp\/v2\/users\/1"}],"replies":[{"embeddable":true,"href":"https:\/\/ritualgenetics.com\/pt\/wp-json\/wp\/v2\/comments?post=2"}],"version-history":[{"count":47,"href":"https:\/\/ritualgenetics.com\/pt\/wp-json\/wp\/v2\/pages\/2\/revisions"}],"predecessor-version":[{"id":768,"href":"https:\/\/ritualgenetics.com\/pt\/wp-json\/wp\/v2\/pages\/2\/revisions\/768"}],"wp:attachment":[{"href":"https:\/\/ritualgenetics.com\/pt\/wp-json\/wp\/v2\/media?parent=2"}],"curies":[{"name":"wp","href":"https:\/\/api.w.org\/{rel}","templated":true}]}}