{"id":3,"date":"2025-05-26T02:47:19","date_gmt":"2025-05-26T02:47:19","guid":{"rendered":"https:\/\/cbdynamics.nl\/?page_id=3"},"modified":"2025-07-02T16:57:19","modified_gmt":"2025-07-02T16:57:19","slug":"privacy-policy","status":"publish","type":"page","link":"https:\/\/ritualgenetics.com\/pt\/privacy-policy\/","title":{"rendered":"Pol\u00edtica de privacidade"},"content":{"rendered":"<h2 class=\"wp-block-heading\"><strong>Data de vig\u00eancia:<\/strong> 02\/07\/2025<br><strong>\u00daltima atualiza\u00e7\u00e3o:<\/strong> 02\/07\/2025<\/h2>\n\n\n\n<p>A Ritual Genetics (\"n\u00f3s\", \"nos\" ou \"nosso\") tem o compromisso de proteger sua privacidade. Esta Pol\u00edtica de Privacidade descreve como coletamos, usamos e protegemos suas informa\u00e7\u00f5es quando voc\u00ea visita nosso site ou se comunica conosco por meio de plataformas criptografadas, como o WhatsApp ou o Telegram.<\/p>\n\n\n\n<hr class=\"wp-block-separator has-alpha-channel-opacity\"\/>\n\n\n\n<h3 class=\"wp-block-heading\">1. <strong>Informa\u00e7\u00f5es que coletamos<\/strong><\/h3>\n\n\n\n<p>Podemos coletar os seguintes tipos de informa\u00e7\u00f5es pessoais:<\/p>\n\n\n\n<ul class=\"wp-block-list\">\n<li>Nome ou pseud\u00f4nimo (se fornecido)<\/li>\n\n\n\n<li>Endere\u00e7o de entrega (para atendimento de pedidos)<\/li>\n\n\n\n<li>Endere\u00e7o de e-mail e\/ou n\u00famero de telefone<\/li>\n\n\n\n<li>Detalhes de pagamento (n\u00e3o armazenados por n\u00f3s)<\/li>\n\n\n\n<li>Endere\u00e7o IP e dados do navegador (se estiver usando o site)<\/li>\n<\/ul>\n\n\n\n<hr class=\"wp-block-separator has-alpha-channel-opacity\"\/>\n\n\n\n<h3 class=\"wp-block-heading\">2. <strong>Como usamos suas informa\u00e7\u00f5es<\/strong><\/h3>\n\n\n\n<p>Usamos suas informa\u00e7\u00f5es para:<\/p>\n\n\n\n<ul class=\"wp-block-list\">\n<li>Processar e atender pedidos<\/li>\n\n\n\n<li>Responder \u00e0s perguntas dos clientes<\/li>\n\n\n\n<li>Melhorar nosso servi\u00e7o e nossa comunica\u00e7\u00e3o<\/li>\n\n\n\n<li>Garantir a conformidade com as obriga\u00e7\u00f5es legais<\/li>\n<\/ul>\n\n\n\n<hr class=\"wp-block-separator has-alpha-channel-opacity\"\/>\n\n\n\n<h3 class=\"wp-block-heading\">3. <strong>Compartilhamento de dados<\/strong><\/h3>\n\n\n\n<p>N\u00f3s fazemos <strong>n\u00e3o vender, alugar ou trocar<\/strong> suas informa\u00e7\u00f5es pessoais. Podemos compartilhar informa\u00e7\u00f5es com:<\/p>\n\n\n\n<ul class=\"wp-block-list\">\n<li>Transportadoras (para entrega)<\/li>\n\n\n\n<li>Processadores de pagamento (banco, carteiras de criptografia)<\/li>\n\n\n\n<li>Autoridades legais (somente se legalmente obrigadas)<\/li>\n<\/ul>\n\n\n\n<hr class=\"wp-block-separator has-alpha-channel-opacity\"\/>\n\n\n\n<h3 class=\"wp-block-heading\">4. <strong>Seguran\u00e7a de dados<\/strong><\/h3>\n\n\n\n<p>Usamos plataformas seguras (Telegram, WhatsApp, e-mail seguro) para nos comunicarmos. Nosso site usa criptografia SSL. Os dados confidenciais s\u00e3o armazenados apenas pelo tempo necess\u00e1rio para concluir seu pedido.<\/p>\n\n\n\n<hr class=\"wp-block-separator has-alpha-channel-opacity\"\/>\n\n\n\n<h3 class=\"wp-block-heading\">5. <strong>Cookies e an\u00e1lises<\/strong><\/h3>\n\n\n\n<p>Se nosso site usar cookies, eles ser\u00e3o usados apenas para:<\/p>\n\n\n\n<ul class=\"wp-block-list\">\n<li>Melhorar a funcionalidade do site<\/li>\n\n\n\n<li>Rastrear o uso geral (an\u00e1lise an\u00f4nima)<\/li>\n<\/ul>\n\n\n\n<p>Voc\u00ea pode controlar os cookies por meio das configura\u00e7\u00f5es do seu navegador.<\/p>\n\n\n\n<hr class=\"wp-block-separator has-alpha-channel-opacity\"\/>\n\n\n\n<h3 class=\"wp-block-heading\">6. <strong>Seus direitos (GDPR da UE e outros)<\/strong><\/h3>\n\n\n\n<p>Voc\u00ea tem o direito de:<\/p>\n\n\n\n<ul class=\"wp-block-list\">\n<li>Solicitar acesso aos seus dados pessoais<\/li>\n\n\n\n<li>Solicitar corre\u00e7\u00e3o ou exclus\u00e3o de seus dados<\/li>\n\n\n\n<li>Retirar o consentimento a qualquer momento<\/li>\n<\/ul>\n\n\n\n<p>Para fazer uma solicita\u00e7\u00e3o, entre em contato conosco em <strong><a>ritualorganics.co@gmail.com<\/a><\/strong><\/p>\n\n\n\n<hr class=\"wp-block-separator has-alpha-channel-opacity\"\/>\n\n\n\n<h3 class=\"wp-block-heading\">7. <strong>Reten\u00e7\u00e3o de dados<\/strong><\/h3>\n\n\n\n<p>Mantemos registros de pedidos e comunica\u00e7\u00f5es por at\u00e9 <strong>1 ano<\/strong>A menos que seja necess\u00e1rio mais tempo para fins legais ou fiscais.<\/p>\n\n\n\n<hr class=\"wp-block-separator has-alpha-channel-opacity\"\/>\n\n\n\n<h3 class=\"wp-block-heading\">8. <strong>Servi\u00e7os de terceiros<\/strong><\/h3>\n\n\n\n<p>Podemos usar servi\u00e7os confi\u00e1veis, como Wise, Telegram e provedores de hospedagem, que t\u00eam suas pr\u00f3prias prote\u00e7\u00f5es de privacidade em vigor.<\/p>\n\n\n\n<hr class=\"wp-block-separator has-alpha-channel-opacity\"\/>\n\n\n\n<h3 class=\"wp-block-heading\">9. <strong>Altera\u00e7\u00f5es a esta pol\u00edtica<\/strong><\/h3>\n\n\n\n<p>Podemos atualizar esta pol\u00edtica. A vers\u00e3o mais recente estar\u00e1 sempre dispon\u00edvel em nosso site.<\/p>\n\n\n\n<hr class=\"wp-block-separator has-alpha-channel-opacity\"\/>\n\n\n\n<h3 class=\"wp-block-heading\">10. <strong>Entre em contato conosco<\/strong><\/h3>\n\n\n\n<p>Se tiver d\u00favidas ou solicita\u00e7\u00f5es sobre seus dados:<br>\ud83d\udce7 <strong><a>ritualorganic.co@gmail.com<\/a><\/strong><br>Canais seguros dispon\u00edveis mediante solicita\u00e7\u00e3o<\/p>","protected":false},"excerpt":{"rendered":"<p>Effective Date: 02\/07\/2025Last Updated: 02\/07\/2025 Ritual Genetics (\u201cwe\u201d, \u201cus\u201d, or \u201cour\u201d) is committed to protecting your privacy. This Privacy Policy outlines how we collect, use, and protect your information when you visit our website or communicate with us via encrypted platforms such as WhatsApp or Telegram. 1. Information We Collect We may collect the following [&#8230;]","protected":false},"author":1,"featured_media":0,"parent":0,"menu_order":0,"comment_status":"closed","ping_status":"closed","template":"","meta":{"footnotes":""},"class_list":["post-3","page","type-page","status-publish","hentry"],"jetpack_sharing_enabled":true,"_links":{"self":[{"href":"https:\/\/ritualgenetics.com\/pt\/wp-json\/wp\/v2\/pages\/3","targetHints":{"allow":["GET"]}}],"collection":[{"href":"https:\/\/ritualgenetics.com\/pt\/wp-json\/wp\/v2\/pages"}],"about":[{"href":"https:\/\/ritualgenetics.com\/pt\/wp-json\/wp\/v2\/types\/page"}],"author":[{"embeddable":true,"href":"https:\/\/ritualgenetics.com\/pt\/wp-json\/wp\/v2\/users\/1"}],"replies":[{"embeddable":true,"href":"https:\/\/ritualgenetics.com\/pt\/wp-json\/wp\/v2\/comments?post=3"}],"version-history":[{"count":4,"href":"https:\/\/ritualgenetics.com\/pt\/wp-json\/wp\/v2\/pages\/3\/revisions"}],"predecessor-version":[{"id":615,"href":"https:\/\/ritualgenetics.com\/pt\/wp-json\/wp\/v2\/pages\/3\/revisions\/615"}],"wp:attachment":[{"href":"https:\/\/ritualgenetics.com\/pt\/wp-json\/wp\/v2\/media?parent=3"}],"curies":[{"name":"wp","href":"https:\/\/api.w.org\/{rel}","templated":true}]}}