{"id":526,"date":"2025-06-25T17:27:25","date_gmt":"2025-06-25T17:27:25","guid":{"rendered":"https:\/\/cbdynamics.nl\/?page_id=526"},"modified":"2025-06-25T17:31:14","modified_gmt":"2025-06-25T17:31:14","slug":"disclaimer","status":"publish","type":"page","link":"https:\/\/ritualgenetics.com\/pt\/disclaimer\/","title":{"rendered":"Isen\u00e7\u00e3o de responsabilidade"},"content":{"rendered":"<section class=\"disclaimer\">\n  <h2>Isen\u00e7\u00e3o de responsabilidade legal - Ritual Genetics<\/h2>\n  <p><strong>A Ritual Genetics fornece sementes de heran\u00e7a colecion\u00e1veis e gen\u00e9tica bot\u00e2nica para clientes adultos interessados em preserva\u00e7\u00e3o, pesquisa e educa\u00e7\u00e3o.<\/strong><\/p>\n\n  <p>Esses produtos s\u00e3o vendidos como <strong>lembran\u00e7as e itens de colecionador<\/strong> e s\u00e3o <strong>n\u00e3o se destina a cultivo, germina\u00e7\u00e3o ou propaga\u00e7\u00e3o<\/strong> em jurisdi\u00e7\u00f5es onde tais atividades s\u00e3o proibidas por lei. \u00c9 de responsabilidade exclusiva do cliente conhecer e cumprir as leis e os regulamentos de sua regi\u00e3o ou pa\u00eds.<\/p>\n\n  <p>A Ritual Genetics n\u00e3o tolera, promove ou incentiva qualquer atividade ilegal de qualquer tipo. Operamos com o pressuposto de que todos os clientes agem de acordo com sua pr\u00f3pria legisla\u00e7\u00e3o local. Qualquer men\u00e7\u00e3o a gen\u00e9tica, reprodu\u00e7\u00e3o ou terminologia relacionada \u00e9 apenas para fins informativos e educacionais e n\u00e3o implica ou sugere qualquer uso ilegal.<\/p>\n\n  <p><strong>Ao fazer um pedido, voc\u00ea:<\/strong><\/p>\n  <ul>\n    <li>Confirme que voc\u00ea \u00e9 <strong>18 anos de idade ou mais<\/strong><\/li>\n    <li>Concordar que os itens comprados se destinam a <strong>somente para uso legal<\/strong><\/li>\n    <li>Aceite a responsabilidade total pela conformidade com seus <strong>leis locais, regionais e nacionais<\/strong><\/li>\n  <\/ul>\n\n  <p>Reservamo-nos o direito de recusar o servi\u00e7o, cancelar pedidos ou restringir remessas, a nosso crit\u00e9rio, se houver motivos para acreditar que os produtos possam ser usados em viola\u00e7\u00e3o \u00e0s leis aplic\u00e1veis.<\/p>\n\n  <p><strong>A Ritual Genetics, seus propriet\u00e1rios e afiliados n\u00e3o assumem nenhuma responsabilidade<\/strong> por qualquer uso indevido dos produtos vendidos ou por quaisquer consequ\u00eancias decorrentes de seu uso n\u00e3o autorizado ou ilegal. Todas as informa\u00e7\u00f5es fornecidas neste site s\u00e3o apenas para conhecimento geral e entretenimento e n\u00e3o devem ser interpretadas como aconselhamento ou incentivo legal.<\/p>\n\n  <p>Se voc\u00ea n\u00e3o tiver certeza sobre a legalidade da compra ou posse desses tipos de produtos em sua regi\u00e3o, recomendamos enfaticamente que consulte um profissional jur\u00eddico qualificado <strong>antes de fazer um pedido<\/strong>.<\/p>\n\n  <p>Obrigado por apoiar a preserva\u00e7\u00e3o gen\u00e9tica \u00e9tica, respons\u00e1vel e informada.<\/p>\n<\/section>","protected":false},"excerpt":{"rendered":"<p>Legal Disclaimer \u2013 Ritual Genetics Ritual Genetics provides collectible heirloom seeds and botanical genetics for adult customers interested in preservation, research, and education. These products are sold as souvenirs and collector&#8217;s items and are not intended for cultivation, germination, or propagation in jurisdictions where such activities are prohibited by law. It is the sole responsibility [&#8230;]","protected":false},"author":1,"featured_media":0,"parent":0,"menu_order":0,"comment_status":"closed","ping_status":"closed","template":"","meta":{"footnotes":""},"class_list":["post-526","page","type-page","status-publish","hentry"],"jetpack_sharing_enabled":true,"_links":{"self":[{"href":"https:\/\/ritualgenetics.com\/pt\/wp-json\/wp\/v2\/pages\/526","targetHints":{"allow":["GET"]}}],"collection":[{"href":"https:\/\/ritualgenetics.com\/pt\/wp-json\/wp\/v2\/pages"}],"about":[{"href":"https:\/\/ritualgenetics.com\/pt\/wp-json\/wp\/v2\/types\/page"}],"author":[{"embeddable":true,"href":"https:\/\/ritualgenetics.com\/pt\/wp-json\/wp\/v2\/users\/1"}],"replies":[{"embeddable":true,"href":"https:\/\/ritualgenetics.com\/pt\/wp-json\/wp\/v2\/comments?post=526"}],"version-history":[{"count":3,"href":"https:\/\/ritualgenetics.com\/pt\/wp-json\/wp\/v2\/pages\/526\/revisions"}],"predecessor-version":[{"id":532,"href":"https:\/\/ritualgenetics.com\/pt\/wp-json\/wp\/v2\/pages\/526\/revisions\/532"}],"wp:attachment":[{"href":"https:\/\/ritualgenetics.com\/pt\/wp-json\/wp\/v2\/media?parent=526"}],"curies":[{"name":"wp","href":"https:\/\/api.w.org\/{rel}","templated":true}]}}