{"id":437,"date":"2025-06-06T21:20:58","date_gmt":"2025-06-06T21:20:58","guid":{"rendered":"https:\/\/cbdynamics.nl\/product\/papaya-kush-5-pack\/"},"modified":"2025-07-27T05:53:54","modified_gmt":"2025-07-27T05:53:54","slug":"papaya-kush-5-pack","status":"publish","type":"product","link":"https:\/\/ritualgenetics.com\/pt\/produto\/papaya-kush-5-pack\/","title":{"rendered":"Papaya Kush (pacote com 5 unidades)"},"content":{"rendered":"<p>A Papaya Kush oferece aquele fedor tropical caracter\u00edstico - manga, podrid\u00e3o e haxixe - em um pacote de folhas largas e atarracadas. Seus bot\u00f5es densos pressionam como um sonho e produzem haxixe com bolhas que cheiram a frutas ex\u00f3ticas aumentadas para 11.<\/p>\n<p>Ela \u00e9 compacta, resistente e foi criada para o calor. Espere tricomas gordurosos, altura m\u00e9dia e transfer\u00eancia excepcional de terpenos em todos os formatos de extra\u00e7\u00e3o. Coloque esta na m\u00e1quina de lavar e sorria.<\/p>\n<p>**THC:** 20-23%<br \/>\n**CBD:** &lt;1%<br \/>\n**Per\u00edodo de flora\u00e7\u00e3o:** 8-9 semanas<br \/>\n**Rendimento em ambientes internos:** 500-600 g\/m\u00b2<br \/>\n**Rendimento externo:** 700-900 g\/planta<br \/>\n**M\u00e9todo preferido:** Haxixe de bolhas \/ Colof\u00f3nia<br \/>\n**Resist\u00eancia:** Alta<br \/>\n**Clima:** Tropical, \u00famido<br \/>\n**Efeitos:** Relaxante, frutado, chapado<br \/>\n**Terpenos:** Papaia, skunk, especiarias<br \/>\n**Dificuldade de crescimento:** M\u00e9dio-f\u00e1cil<br \/>\n**M\u00eas da colheita:** Meados de outubro<br \/>\n**Interior\/Exterior:** Ambos<\/p>","protected":false},"excerpt":{"rendered":"<p>Funk tropical com apelo de haxixe pegajoso e desnatado.<\/p>","protected":false},"featured_media":660,"comment_status":"open","ping_status":"closed","template":"","meta":[],"product_brand":[],"product_cat":[18],"product_tag":[40,39,36],"class_list":{"0":"post-437","1":"product","2":"type-product","3":"status-publish","4":"has-post-thumbnail","6":"product_cat-hash-altar","7":"product_tag-hash","8":"product_tag-resin","9":"product_tag-tropical","11":"first","12":"instock","13":"shipping-taxable","14":"purchasable","15":"product-type-simple"},"jetpack_sharing_enabled":true,"_links":{"self":[{"href":"https:\/\/ritualgenetics.com\/pt\/wp-json\/wp\/v2\/product\/437","targetHints":{"allow":["GET"]}}],"collection":[{"href":"https:\/\/ritualgenetics.com\/pt\/wp-json\/wp\/v2\/product"}],"about":[{"href":"https:\/\/ritualgenetics.com\/pt\/wp-json\/wp\/v2\/types\/product"}],"replies":[{"embeddable":true,"href":"https:\/\/ritualgenetics.com\/pt\/wp-json\/wp\/v2\/comments?post=437"}],"wp:featuredmedia":[{"embeddable":true,"href":"https:\/\/ritualgenetics.com\/pt\/wp-json\/wp\/v2\/media\/660"}],"wp:attachment":[{"href":"https:\/\/ritualgenetics.com\/pt\/wp-json\/wp\/v2\/media?parent=437"}],"wp:term":[{"taxonomy":"product_brand","embeddable":true,"href":"https:\/\/ritualgenetics.com\/pt\/wp-json\/wp\/v2\/product_brand?post=437"},{"taxonomy":"product_cat","embeddable":true,"href":"https:\/\/ritualgenetics.com\/pt\/wp-json\/wp\/v2\/product_cat?post=437"},{"taxonomy":"product_tag","embeddable":true,"href":"https:\/\/ritualgenetics.com\/pt\/wp-json\/wp\/v2\/product_tag?post=437"}],"curies":[{"name":"wp","href":"https:\/\/api.w.org\/{rel}","templated":true}]}}