{"id":731,"date":"2025-08-05T07:31:00","date_gmt":"2025-08-05T07:31:00","guid":{"rendered":"https:\/\/ritualgenetics.com\/?post_type=product&#038;p=731"},"modified":"2025-08-05T07:31:29","modified_gmt":"2025-08-05T07:31:29","slug":"kd-koh-tao-5-pack-regular","status":"publish","type":"product","link":"https:\/\/ritualgenetics.com\/pt\/produto\/kd-koh-tao-5-pack-regular\/","title":{"rendered":"KD Koh Tao (pacote com 5 unidades) (Regulares)"},"content":{"rendered":"<p data-start=\"518\" data-end=\"939\"><strong data-start=\"518\" data-end=\"532\">KD Koh Tao<\/strong> \u00e9 uma landrace rara preservada das selvas da ilha de Koh Tao, na Tail\u00e2ndia - uma regi\u00e3o rica em hist\u00f3ria da maconha e que j\u00e1 esteve ligada \u00e0s infames rotas de com\u00e9rcio da Thai Stick na d\u00e9cada de 1970. Essa sativa tropical expressa um crescimento vigoroso, entren\u00f3s longos e morfologia de folhas estreitas que prosperam em climas quentes e \u00famidos. Espera-se que o per\u00edodo de flora\u00e7\u00e3o seja de <strong data-start=\"869\" data-end=\"887\">13 a 16 semanas<\/strong>O sistema de cultivo de plantas \u00e9 um dos mais importantes do mundo, com plantas que podem atingir mais de 3 metros ao ar livre.<\/p>\n<p data-start=\"941\" data-end=\"1227\">Essa variedade oferece um <strong data-start=\"965\" data-end=\"990\">brilhante, el\u00e9trico alto<\/strong> com notas de casca de manga, mentol, pinho e frutas fermentadas. Embora os rendimentos possam ser moderados, o <strong data-start=\"1087\" data-end=\"1129\">qualidade da resina e clareza psicoativa<\/strong> fazem dele um favorito entre os puristas e criadores de variedades tradicionais que buscam caracter\u00edsticas n\u00e3o trabalhadas do sudeste asi\u00e1tico.<\/p>\n<p data-start=\"1229\" data-end=\"1407\">KD Koh Tao \u00e9 mais adequado para <strong data-start=\"1258\" data-end=\"1295\">cultivo ao ar livre ou em estufa<\/strong> onde h\u00e1 disponibilidade de esta\u00e7\u00f5es longas e espa\u00e7o vertical. Em ambientes controlados, paci\u00eancia e treinamento s\u00e3o fundamentais.<\/p>\n<p data-start=\"1229\" data-end=\"1407\"><strong data-start=\"1418\" data-end=\"1432\">Ideal para:<\/strong><\/p>\n<ul data-start=\"1435\" data-end=\"1612\">\n<li data-start=\"1435\" data-end=\"1477\">\n<p data-start=\"1437\" data-end=\"1477\">Preservacionistas e colecionadores de variedades locais<\/p>\n<\/li>\n<li data-start=\"1478\" data-end=\"1526\">\n<p data-start=\"1480\" data-end=\"1526\">Criadores que buscam caracter\u00edsticas puras de sativa tropical<\/p>\n<\/li>\n<li data-start=\"1527\" data-end=\"1555\">\n<p data-start=\"1529\" data-end=\"1555\">Cultivadores tropicais ao ar livre<\/p>\n<\/li>\n<li data-start=\"1556\" data-end=\"1612\">\n<p data-start=\"1558\" data-end=\"1612\">Qualquer pessoa que esteja em busca da velha escola tailandesa de cabe\u00e7a limpa<\/p>\n<\/li>\n<\/ul>\n<p>&nbsp;<\/p>\n<p><strong data-start=\"152\" data-end=\"161\">Tipo:<\/strong> Sementes regulares <strong data-start=\"178\" data-end=\"190\">Linhagem:<\/strong> Ra\u00e7a tailandesa (Koh Tao)<br data-start=\"214\" data-end=\"217\" \/><strong data-start=\"217\" data-end=\"230\">Categoria:<\/strong> Sementes do Si\u00e3o<br data-start=\"244\" data-end=\"247\" \/><strong data-start=\"247\" data-end=\"266\">Per\u00edodo de flora\u00e7\u00e3o:<\/strong> 13-16 semanas<br data-start=\"278\" data-end=\"281\" \/><strong data-start=\"281\" data-end=\"297\">Meio ambiente:<\/strong> Tropical \/ Subtropical Externo, Estufa<br data-start=\"340\" data-end=\"343\" \/><strong data-start=\"343\" data-end=\"354\">Altura:<\/strong> Muito alto <strong data-start=\"367\" data-end=\"377\">Rendimento:<\/strong> M\u00e9dio a alto<br data-start=\"392\" data-end=\"395\" \/><strong data-start=\"395\" data-end=\"406\">Efeito:<\/strong> Energ\u00e9tico, euf\u00f3rico, l\u00facido<br data-start=\"440\" data-end=\"443\" data-is-only-node=\"\" \/><strong data-start=\"443\" data-end=\"454\">Sabor:<\/strong> Manga com especiarias, pinho, funk de ervas<\/p>","protected":false},"excerpt":{"rendered":"<p>Sativa de flora\u00e7\u00e3o longa, com efeitos euf\u00f3ricos e elevados e um perfil de terpenos de manga, pinho e frutas fermentadas.<\/p>","protected":false},"featured_media":732,"comment_status":"open","ping_status":"closed","template":"","meta":[],"product_brand":[],"product_cat":[43],"product_tag":[],"class_list":{"0":"post-731","1":"product","2":"type-product","3":"status-publish","4":"has-post-thumbnail","6":"product_cat-seeds-of-siam","8":"first","9":"instock","10":"shipping-taxable","11":"purchasable","12":"product-type-simple"},"jetpack_sharing_enabled":true,"_links":{"self":[{"href":"https:\/\/ritualgenetics.com\/pt\/wp-json\/wp\/v2\/product\/731","targetHints":{"allow":["GET"]}}],"collection":[{"href":"https:\/\/ritualgenetics.com\/pt\/wp-json\/wp\/v2\/product"}],"about":[{"href":"https:\/\/ritualgenetics.com\/pt\/wp-json\/wp\/v2\/types\/product"}],"replies":[{"embeddable":true,"href":"https:\/\/ritualgenetics.com\/pt\/wp-json\/wp\/v2\/comments?post=731"}],"wp:featuredmedia":[{"embeddable":true,"href":"https:\/\/ritualgenetics.com\/pt\/wp-json\/wp\/v2\/media\/732"}],"wp:attachment":[{"href":"https:\/\/ritualgenetics.com\/pt\/wp-json\/wp\/v2\/media?parent=731"}],"wp:term":[{"taxonomy":"product_brand","embeddable":true,"href":"https:\/\/ritualgenetics.com\/pt\/wp-json\/wp\/v2\/product_brand?post=731"},{"taxonomy":"product_cat","embeddable":true,"href":"https:\/\/ritualgenetics.com\/pt\/wp-json\/wp\/v2\/product_cat?post=731"},{"taxonomy":"product_tag","embeddable":true,"href":"https:\/\/ritualgenetics.com\/pt\/wp-json\/wp\/v2\/product_tag?post=731"}],"curies":[{"name":"wp","href":"https:\/\/api.w.org\/{rel}","templated":true}]}}