{"id":733,"date":"2025-08-05T07:45:13","date_gmt":"2025-08-05T07:45:13","guid":{"rendered":"https:\/\/ritualgenetics.com\/?post_type=product&#038;p=733"},"modified":"2025-08-05T12:01:00","modified_gmt":"2025-08-05T12:01:00","slug":"rudder-%e0%b8%ab%e0%b8%b2%e0%b8%87%e0%b9%80%e0%b8%aa%e0%b8%b7%e0%b8%ad-haang-suea","status":"publish","type":"product","link":"https:\/\/ritualgenetics.com\/pt\/produto\/rudder-%e0%b8%ab%e0%b8%b2%e0%b8%87%e0%b9%80%e0%b8%aa%e0%b8%b7%e0%b8%ad-haang-suea\/","title":{"rendered":"Rudder \u0e2b\u0e32\u0e07\u0e40\u0e2a\u0e37\u0e2d Haang Suea (pacote com 5 unidades) (Regulares)"},"content":{"rendered":"<p data-start=\"564\" data-end=\"942\"><strong data-start=\"564\" data-end=\"574\">Rudder<\/strong>tamb\u00e9m conhecido localmente como <strong data-start=\"598\" data-end=\"609\">Leme<\/strong>A maconha Thai, de origem tailandesa, \u00e9 uma rara variedade origin\u00e1ria de produtores costeiros da costa leste, provavelmente das ilhas e dos sistemas fluviais das plan\u00edcies do norte do Golfo. Embora seja dif\u00edcil rastrear sua origem exata, esse cultivar foi transmitido por m\u00e3os silenciosas e fazendeiros locais por gera\u00e7\u00f5es, sendo usado em ambientes recreativos e rituais.<\/p>\n<p data-start=\"944\" data-end=\"1190\">Ao contr\u00e1rio das eleva\u00e7\u00f5es mais el\u00e9tricas das sativas das terras altas, a Rudder oferece uma <strong data-start=\"1014\" data-end=\"1054\">mais fundamentado e introspectivo<\/strong> - mentalmente expansiva, mas suave, meditativa e duradoura. \u00c9 uma cepa que n\u00e3o o leva para um passeio, mas <strong data-start=\"1169\" data-end=\"1187\">permite que voc\u00ea dirija<\/strong>.<\/p>\n<p data-start=\"1192\" data-end=\"1504\">As plantas crescem altas e \u00e1geis com uma estrutura ramificada adaptada \u00e0 umidade e \u00e0 brisa do mar. <strong data-start=\"1282\" data-end=\"1316\">A flora\u00e7\u00e3o leva de 12 a 15 semanas<\/strong>E, embora os bot\u00f5es sejam finos, eles t\u00eam um aroma complexo e \u00fanico: <strong data-start=\"1387\" data-end=\"1450\">S\u00e2ndalo seco, lima kaffir, pimenta preta e ch\u00e3o de floresta<\/strong>. \u00c9 o tipo de perfil de terpeno que parece antigo.<\/p>\n<h3 data-start=\"1511\" data-end=\"1535\"><strong data-start=\"1515\" data-end=\"1533\">No jardim:<\/strong><\/h3>\n<p data-start=\"1536\" data-end=\"1958\">O leme \u00e9 bem adaptado para <strong data-start=\"1562\" data-end=\"1591\">climas tropicais de plan\u00edcie<\/strong>A planta \u00e9 uma das mais fortes do mundo, suportando calor e chuva com facilidade. Prefere solo leve e arenoso e ritmos naturais: alimenta\u00e7\u00e3o m\u00ednima, horas de luz do dia intensas e espa\u00e7o para se esticar. \u00c9 mais adequada para o cultivo ao ar livre ou em estufas, especialmente em regi\u00f5es com esta\u00e7\u00f5es longas. Ideal para <strong data-start=\"1843\" data-end=\"1903\">produtores que buscam express\u00f5es sutis, mas poderosas, das variedades locais<\/strong> que falam do terroir costeiro e ribeirinho da Tail\u00e2ndia.<\/p>\n<h3 data-start=\"1965\" data-end=\"1985\"><strong data-start=\"1969\" data-end=\"1983\">Ideal para:<\/strong><\/h3>\n<ul data-start=\"1986\" data-end=\"2178\">\n<li data-start=\"1986\" data-end=\"2028\">\n<p data-start=\"1988\" data-end=\"2028\">Colecionadores de Landrace e puristas de sativa<\/p>\n<\/li>\n<li data-start=\"2029\" data-end=\"2089\">\n<p data-start=\"2031\" data-end=\"2089\">Criadores buscam caracter\u00edsticas tropicais meditativas e de baixa ansiedade<\/p>\n<\/li>\n<li data-start=\"2090\" data-end=\"2129\">\n<p data-start=\"2092\" data-end=\"2129\">Produtores de selva\/exterior em zonas \u00famidas<\/p>\n<\/li>\n<li data-start=\"2130\" data-end=\"2178\">\n<p data-start=\"2132\" data-end=\"2178\">Ca\u00e7adores de terpenos em busca de complexidade terrena e doce<\/p>\n<\/li>\n<\/ul>\n<p>&nbsp;<\/p>\n<p><strong data-start=\"159\" data-end=\"168\">Tipo:<\/strong> Sementes regulares <strong data-start=\"185\" data-end=\"197\">Linhagem:<\/strong> Thai Landrace (proced\u00eancia desconhecida, origem do Golfo do Norte)<br data-start=\"254\" data-end=\"257\" \/><strong data-start=\"257\" data-end=\"270\">Categoria:<\/strong> Sementes do Si\u00e3o<br data-start=\"284\" data-end=\"287\" \/><strong data-start=\"287\" data-end=\"306\">Per\u00edodo de flora\u00e7\u00e3o:<\/strong> 12-15 semanas<br data-start=\"318\" data-end=\"321\" \/><strong data-start=\"321\" data-end=\"337\">Meio ambiente:<\/strong> Tropical \/ Subtropical Externo, Estufa<br data-start=\"380\" data-end=\"383\" \/><strong data-start=\"383\" data-end=\"394\">Altura:<\/strong> Alto <strong data-start=\"402\" data-end=\"412\">Rendimento:<\/strong> Moderado<br data-start=\"421\" data-end=\"424\" \/><strong data-start=\"424\" data-end=\"435\">Efeito:<\/strong> Mentalmente expansivo, meditativo e equilibrado<br data-start=\"476\" data-end=\"479\" \/><strong data-start=\"479\" data-end=\"490\">Sabor:<\/strong> S\u00e2ndalo, folha de lima, anis, solo da floresta<\/p>","protected":false},"excerpt":{"rendered":"<p>Landrace litor\u00e2nea com um alto meditativo e terps complexos de s\u00e2ndalo, lima e terra. Flora\u00e7\u00e3o longa e desenvolvida para resili\u00eancia tropical.<\/p>","protected":false},"featured_media":734,"comment_status":"open","ping_status":"closed","template":"","meta":[],"product_brand":[],"product_cat":[43],"product_tag":[],"class_list":{"0":"post-733","1":"product","2":"type-product","3":"status-publish","4":"has-post-thumbnail","6":"product_cat-seeds-of-siam","8":"first","9":"instock","10":"shipping-taxable","11":"purchasable","12":"product-type-simple"},"jetpack_sharing_enabled":true,"_links":{"self":[{"href":"https:\/\/ritualgenetics.com\/pt\/wp-json\/wp\/v2\/product\/733","targetHints":{"allow":["GET"]}}],"collection":[{"href":"https:\/\/ritualgenetics.com\/pt\/wp-json\/wp\/v2\/product"}],"about":[{"href":"https:\/\/ritualgenetics.com\/pt\/wp-json\/wp\/v2\/types\/product"}],"replies":[{"embeddable":true,"href":"https:\/\/ritualgenetics.com\/pt\/wp-json\/wp\/v2\/comments?post=733"}],"wp:featuredmedia":[{"embeddable":true,"href":"https:\/\/ritualgenetics.com\/pt\/wp-json\/wp\/v2\/media\/734"}],"wp:attachment":[{"href":"https:\/\/ritualgenetics.com\/pt\/wp-json\/wp\/v2\/media?parent=733"}],"wp:term":[{"taxonomy":"product_brand","embeddable":true,"href":"https:\/\/ritualgenetics.com\/pt\/wp-json\/wp\/v2\/product_brand?post=733"},{"taxonomy":"product_cat","embeddable":true,"href":"https:\/\/ritualgenetics.com\/pt\/wp-json\/wp\/v2\/product_cat?post=733"},{"taxonomy":"product_tag","embeddable":true,"href":"https:\/\/ritualgenetics.com\/pt\/wp-json\/wp\/v2\/product_tag?post=733"}],"curies":[{"name":"wp","href":"https:\/\/api.w.org\/{rel}","templated":true}]}}