{"id":735,"date":"2025-08-06T05:40:05","date_gmt":"2025-08-06T05:40:05","guid":{"rendered":"https:\/\/ritualgenetics.com\/?post_type=product&#038;p=735"},"modified":"2025-08-06T05:40:05","modified_gmt":"2025-08-06T05:40:05","slug":"tanao-sri-red-%e0%b8%95%e0%b8%b0%e0%b8%99%e0%b8%b2%e0%b8%a7%e0%b8%a8%e0%b8%a3%e0%b8%b5%e0%b9%81%e0%b8%94%e0%b8%87-tanao-sri-daeng-5-pack-regular","status":"publish","type":"product","link":"https:\/\/ritualgenetics.com\/pt\/produto\/tanao-sri-red-%e0%b8%95%e0%b8%b0%e0%b8%99%e0%b8%b2%e0%b8%a7%e0%b8%a8%e0%b8%a3%e0%b8%b5%e0%b9%81%e0%b8%94%e0%b8%87-tanao-sri-daeng-5-pack-regular\/","title":{"rendered":"Tanao Sri Red \u0e15\u0e30\u0e19\u0e32\u0e27\u0e28\u0e23\u0e35\u0e41\u0e14\u0e07 Tanao Sri Daeng - (pacote com 5 unidades) (Regulares)"},"content":{"rendered":"<p data-start=\"615\" data-end=\"881\">Proveniente da linha de floresta profunda da <strong data-start=\"656\" data-end=\"684\">Cordilheira de Tanao Sri<\/strong>que separa as plan\u00edcies centrais da Tail\u00e2ndia das colinas de Tenasserim, <strong data-start=\"755\" data-end=\"772\">Tanao Sri Red<\/strong> \u00e9 uma rara variedade h\u00edbrida de plan\u00edcie\/alta que exibe colora\u00e7\u00e3o ousada, vigor selvagem e efeitos intoxicantes.<\/p>\n<p data-start=\"883\" data-end=\"1277\">Mais alta e mais intensa que sua irm\u00e3 <em data-start=\"923\" data-end=\"940\">Tanao Sri White<\/em>Essa cultivar termina tarde, mas recompensa os cultivadores pacientes com <strong data-start=\"1005\" data-end=\"1025\">pistilos vermelho-escuros<\/strong>, <strong data-start=\"1027\" data-end=\"1051\">terpenos com alto teor de especiarias<\/strong>e um poderoso <strong data-start=\"1068\" data-end=\"1091\">efeito psicoativo<\/strong> que beira o vision\u00e1rio. \u00c9 uma das mais <strong data-start=\"1140\" data-end=\"1168\">variedades sensoriais tailandesas<\/strong>O sistema de controle de temperatura da bateria, conhecido por amplificar o toque, o som e a imers\u00e3o, \u00e9 perfeito para longas caminhadas na natureza ou para a explora\u00e7\u00e3o do mundo interior.<\/p>\n<p data-start=\"1279\" data-end=\"1592\">Os caules e pec\u00edolos podem apresentar estrias vermelho-escuras ou roxas, e as folhas s\u00e3o estreitas com espa\u00e7amento m\u00e9dio entre os entren\u00f3s. As plantas se desenvolvem em <strong data-start=\"1412\" data-end=\"1436\">zonas tropicais \u00famidas<\/strong> com insumos org\u00e2nicos leves e solo profundo. A flora\u00e7\u00e3o normalmente ocorre em <strong data-start=\"1504\" data-end=\"1522\">14 a 17 semanas<\/strong>Mas as colheitas tardias podem revelar camadas adicionais de sabor e efeito.<\/p>\n<p data-start=\"1279\" data-end=\"1592\"><strong data-start=\"1603\" data-end=\"1621\">No jardim:<\/strong><\/p>\n<p data-start=\"1624\" data-end=\"1897\"><strong data-start=\"1624\" data-end=\"1641\">Tanao Sri Red<\/strong> \u00e9 mais adequado para <strong data-start=\"1660\" data-end=\"1691\">cultivo ao ar livre de longa temporada<\/strong> no sudeste da \u00c1sia ou em latitudes semelhantes. Ela prefere ritmos naturais: noites quentes, ac\u00famulo de chuvas e ciclos de luz est\u00e1veis. A resist\u00eancia ao mofo \u00e9 moderada devido \u00e0 sua estrutura aberta e ao teor de \u00f3leo essencial.<\/p>\n<p data-start=\"1899\" data-end=\"2050\">Ideal para <strong data-start=\"1909\" data-end=\"1968\">coletores de variedades locais, criadores em busca de insumos ex\u00f3ticos<\/strong>ou qualquer pessoa que esteja buscando uma planta que pare\u00e7a selvagem, espiritual e verdadeiramente do sudeste asi\u00e1tico.<\/p>\n<p data-start=\"1899\" data-end=\"2050\"><strong data-start=\"2061\" data-end=\"2075\">Ideal para:<\/strong><\/p>\n<ul data-start=\"2078\" data-end=\"2305\">\n<li data-start=\"2078\" data-end=\"2131\">\n<p data-start=\"2080\" data-end=\"2131\">Colecionadores de heran\u00e7as e preservacionistas regionais<\/p>\n<\/li>\n<li data-start=\"2132\" data-end=\"2191\">\n<p data-start=\"2134\" data-end=\"2191\">Criadores que exploram os efeitos psicod\u00e9licos ou sensoriais<\/p>\n<\/li>\n<li data-start=\"2192\" data-end=\"2259\">\n<p data-start=\"2194\" data-end=\"2259\">Produtores que buscam uma colora\u00e7\u00e3o rara e um car\u00e1ter tropical profundo<\/p>\n<\/li>\n<li data-start=\"2260\" data-end=\"2305\">\n<p data-start=\"2262\" data-end=\"2305\">Cultivadores ao ar livre em climas quentes e \u00famidos<\/p>\n<\/li>\n<\/ul>\n<p><strong data-start=\"211\" data-end=\"220\">Tipo:<\/strong> Sementes regulares <strong data-start=\"237\" data-end=\"249\">Linhagem:<\/strong> Landrace tailandesa (cordilheira de Tanao Sri, oeste da Tail\u00e2ndia)<br data-start=\"299\" data-end=\"302\" \/><strong data-start=\"302\" data-end=\"315\">Categoria:<\/strong> Sementes do Si\u00e3o<br data-start=\"329\" data-end=\"332\" \/><strong data-start=\"332\" data-end=\"351\">Per\u00edodo de flora\u00e7\u00e3o:<\/strong> 14-17 semanas<br data-start=\"363\" data-end=\"366\" \/><strong data-start=\"366\" data-end=\"382\">Meio ambiente:<\/strong> Tropical ao ar livre \/ estufa<br data-start=\"412\" data-end=\"415\" \/><strong data-start=\"415\" data-end=\"426\">Altura:<\/strong> Muito alto <strong data-start=\"439\" data-end=\"449\">Rendimento:<\/strong> Moderado a alto<br data-start=\"466\" data-end=\"469\" \/><strong data-start=\"469\" data-end=\"480\">Efeito:<\/strong> Euf\u00f3rico, sensorial, semelhante a um transe<br data-start=\"511\" data-end=\"514\" \/><strong data-start=\"514\" data-end=\"525\">Sabor:<\/strong> Especiarias vermelhas, manjeric\u00e3o doce, casca de canela, frutas silvestres picantes<\/p>","protected":false},"excerpt":{"rendered":"<p>Landrace tailandesa rara da variedade Tanao Sri. Sativa de flora\u00e7\u00e3o longa com pistilos vermelhos, intensos efeitos sensoriais e um perfil de terpenos de especiarias, manjeric\u00e3o e frutas silvestres.<\/p>","protected":false},"featured_media":736,"comment_status":"open","ping_status":"closed","template":"","meta":[],"product_brand":[],"product_cat":[43],"product_tag":[],"class_list":{"0":"post-735","1":"product","2":"type-product","3":"status-publish","4":"has-post-thumbnail","6":"product_cat-seeds-of-siam","8":"first","9":"instock","10":"shipping-taxable","11":"purchasable","12":"product-type-simple"},"jetpack_sharing_enabled":true,"_links":{"self":[{"href":"https:\/\/ritualgenetics.com\/pt\/wp-json\/wp\/v2\/product\/735","targetHints":{"allow":["GET"]}}],"collection":[{"href":"https:\/\/ritualgenetics.com\/pt\/wp-json\/wp\/v2\/product"}],"about":[{"href":"https:\/\/ritualgenetics.com\/pt\/wp-json\/wp\/v2\/types\/product"}],"replies":[{"embeddable":true,"href":"https:\/\/ritualgenetics.com\/pt\/wp-json\/wp\/v2\/comments?post=735"}],"wp:featuredmedia":[{"embeddable":true,"href":"https:\/\/ritualgenetics.com\/pt\/wp-json\/wp\/v2\/media\/736"}],"wp:attachment":[{"href":"https:\/\/ritualgenetics.com\/pt\/wp-json\/wp\/v2\/media?parent=735"}],"wp:term":[{"taxonomy":"product_brand","embeddable":true,"href":"https:\/\/ritualgenetics.com\/pt\/wp-json\/wp\/v2\/product_brand?post=735"},{"taxonomy":"product_cat","embeddable":true,"href":"https:\/\/ritualgenetics.com\/pt\/wp-json\/wp\/v2\/product_cat?post=735"},{"taxonomy":"product_tag","embeddable":true,"href":"https:\/\/ritualgenetics.com\/pt\/wp-json\/wp\/v2\/product_tag?post=735"}],"curies":[{"name":"wp","href":"https:\/\/api.w.org\/{rel}","templated":true}]}}